{"id":13170,"date":"2024-01-23T07:45:46","date_gmt":"2024-01-23T07:45:46","guid":{"rendered":"https:\/\/dev.hotelmoov.com\/noticias\/"},"modified":"2024-11-29T20:03:19","modified_gmt":"2024-11-29T20:03:19","slug":"noticias","status":"publish","type":"page","link":"https:\/\/moovhotels-qa.toogas.net\/pt-br\/noticias\/","title":{"rendered":"Not\u00edcias"},"content":{"rendered":"\t\t<div data-elementor-type=\"wp-page\" data-elementor-id=\"13170\" class=\"elementor elementor-13170 elementor-3890\" data-elementor-post-type=\"page\">\n\t\t\t\t<div class=\"elementor-element elementor-element-24ab128 el-hero-paralax e-flex e-con-boxed e-con e-parent\" data-id=\"24ab128\" data-element_type=\"container\" data-settings=\"{&quot;background_background&quot;:&quot;classic&quot;}\">\n\t\t\t\t\t<div class=\"e-con-inner\">\n\t\t<div class=\"elementor-element elementor-element-f58b145 el-hero-paralax__container e-flex e-con-boxed e-con e-child\" data-id=\"f58b145\" data-element_type=\"container\">\n\t\t\t\t\t<div class=\"e-con-inner\">\n\t\t\t\t<div class=\"elementor-element elementor-element-292509f elementor-widget elementor-widget-heading\" data-id=\"292509f\" data-element_type=\"widget\" data-widget_type=\"heading.default\">\n\t\t\t\t<div class=\"elementor-widget-container\">\n\t\t\t<style>\/*! elementor - v3.23.0 - 05-08-2024 *\/\n.elementor-heading-title{padding:0;margin:0;line-height:1}.elementor-widget-heading .elementor-heading-title[class*=elementor-size-]>a{color:inherit;font-size:inherit;line-height:inherit}.elementor-widget-heading .elementor-heading-title.elementor-size-small{font-size:15px}.elementor-widget-heading .elementor-heading-title.elementor-size-medium{font-size:19px}.elementor-widget-heading .elementor-heading-title.elementor-size-large{font-size:29px}.elementor-widget-heading .elementor-heading-title.elementor-size-xl{font-size:39px}.elementor-widget-heading .elementor-heading-title.elementor-size-xxl{font-size:59px}<\/style><h1 class=\"elementor-heading-title elementor-size-default\">Not\u00edcias<\/h1>\t\t<\/div>\n\t\t\t\t<\/div>\n\t\t\t\t\t<\/div>\n\t\t\t\t<\/div>\n\t\t\t\t\t<\/div>\n\t\t\t\t<\/div>\n\t\t<div class=\"elementor-element elementor-element-1985fe6 e-con-full e-flex e-con e-parent\" data-id=\"1985fe6\" data-element_type=\"container\" data-settings=\"{&quot;background_background&quot;:&quot;classic&quot;}\">\n\t\t\t\t<div class=\"elementor-element elementor-element-b5665f0 elementor-widget elementor-widget-spacer\" data-id=\"b5665f0\" data-element_type=\"widget\" data-widget_type=\"spacer.default\">\n\t\t\t\t<div class=\"elementor-widget-container\">\n\t\t\t<style>\/*! elementor - v3.23.0 - 05-08-2024 *\/\n.elementor-column .elementor-spacer-inner{height:var(--spacer-size)}.e-con{--container-widget-width:100%}.e-con-inner>.elementor-widget-spacer,.e-con>.elementor-widget-spacer{width:var(--container-widget-width,var(--spacer-size));--align-self:var(--container-widget-align-self,initial);--flex-shrink:0}.e-con-inner>.elementor-widget-spacer>.elementor-widget-container,.e-con>.elementor-widget-spacer>.elementor-widget-container{height:100%;width:100%}.e-con-inner>.elementor-widget-spacer>.elementor-widget-container>.elementor-spacer,.e-con>.elementor-widget-spacer>.elementor-widget-container>.elementor-spacer{height:100%}.e-con-inner>.elementor-widget-spacer>.elementor-widget-container>.elementor-spacer>.elementor-spacer-inner,.e-con>.elementor-widget-spacer>.elementor-widget-container>.elementor-spacer>.elementor-spacer-inner{height:var(--container-widget-height,var(--spacer-size))}.e-con-inner>.elementor-widget-spacer.elementor-widget-empty,.e-con>.elementor-widget-spacer.elementor-widget-empty{position:relative;min-height:22px;min-width:22px}.e-con-inner>.elementor-widget-spacer.elementor-widget-empty .elementor-widget-empty-icon,.e-con>.elementor-widget-spacer.elementor-widget-empty .elementor-widget-empty-icon{position:absolute;top:0;bottom:0;left:0;right:0;margin:auto;padding:0;width:22px;height:22px}<\/style>\t\t<div class=\"elementor-spacer\">\n\t\t\t<div class=\"elementor-spacer-inner\"><\/div>\n\t\t<\/div>\n\t\t\t\t<\/div>\n\t\t\t\t<\/div>\n\t\t\t\t<\/div>\n\t\t<div class=\"elementor-element elementor-element-7eb5bfa e-flex e-con-boxed e-con e-parent\" data-id=\"7eb5bfa\" data-element_type=\"container\">\n\t\t\t\t\t<div class=\"e-con-inner\">\n\t\t\t\t<div class=\"elementor-element elementor-element-cc45116 elementor-widget elementor-widget-theme_posts_listing\" data-id=\"cc45116\" data-element_type=\"widget\" data-widget_type=\"theme_posts_listing.default\">\n\t\t\t\t<div class=\"elementor-widget-container\">\n\t\t\t\t<div class=\"section-articles section-ajax\">\r\n\t\t<header class=\"section__head ajax__head\">\r\n\t\t\t<div class=\"form-posts\">\r\n\t\t\t\t<form action=\"?\" method=\"post\">\r\n\t\t\t\t\t<div class=\"form__body\">\r\n\t\t\t\t\t\t\t\t\t\t\t\t\t<div class=\"form__row\">\r\n\t\t\t\t\t\t\t\t<label for=\"field-post-location\" class=\"form__label sr-only\">Localiza\u00e7\u00e3o<\/label>\r\n\t\t\t\t\t\t\t\t\r\n\t\t\t\t\t\t\t\t<div class=\"form__controls\">\r\n\t\t\t\t\t\t\t\t\t<div class=\"select\">\r\n\t\t\t\t\t\t\t\t\t\t<select id=\"field-post-location\" name=\"locations\">\r\n\t\t\t\t\t\t\t\t\t\t\t<option value=\"\">Localiza\u00e7\u00e3o<\/option>\r\n\t\t\t\t\t\t\t\t\t\t\t\t\t\t\t\t\t\t\t\t\t\t\t<option\r\n\t\t\t\t\t\t\t\t\t\t\t\tvalue=\"225\"\r\n\t\t\t\t\t\t\t\t\t\t\t\t\t\t\t\t\t\t\t\t\t\t\t\t>\r\n\t\t\t\t\t\t\t\t\t\t\t\t\tCuritiba\t\t\t\t\t\t\t\t\t\t\t\t<\/option>\r\n\t\t\t\t\t\t\t\t\t\t\t\t\t\t\t\t\t\t\t\t\t\t\t<option\r\n\t\t\t\t\t\t\t\t\t\t\t\tvalue=\"178\"\r\n\t\t\t\t\t\t\t\t\t\t\t\t\t\t\t\t\t\t\t\t\t\t\t\t>\r\n\t\t\t\t\t\t\t\t\t\t\t\t\t\u00c9vora\t\t\t\t\t\t\t\t\t\t\t\t<\/option>\r\n\t\t\t\t\t\t\t\t\t\t\t\t\t\t\t\t\t\t\t\t\t\t\t<option\r\n\t\t\t\t\t\t\t\t\t\t\t\tvalue=\"160\"\r\n\t\t\t\t\t\t\t\t\t\t\t\t\t\t\t\t\t\t\t\t\t\t\t\t>\r\n\t\t\t\t\t\t\t\t\t\t\t\t\tLisboa\t\t\t\t\t\t\t\t\t\t\t\t<\/option>\r\n\t\t\t\t\t\t\t\t\t\t\t\t\t\t\t\t\t\t\t\t\t\t\t<option\r\n\t\t\t\t\t\t\t\t\t\t\t\tvalue=\"172\"\r\n\t\t\t\t\t\t\t\t\t\t\t\t\t\t\t\t\t\t\t\t\t\t\t\t>\r\n\t\t\t\t\t\t\t\t\t\t\t\t\tOeiras\t\t\t\t\t\t\t\t\t\t\t\t<\/option>\r\n\t\t\t\t\t\t\t\t\t\t\t\t\t\t\t\t\t\t\t\t\t\t\t<option\r\n\t\t\t\t\t\t\t\t\t\t\t\tvalue=\"143\"\r\n\t\t\t\t\t\t\t\t\t\t\t\t\t\t\t\t\t\t\t\t\t\t\t\t>\r\n\t\t\t\t\t\t\t\t\t\t\t\t\tPorto\t\t\t\t\t\t\t\t\t\t\t\t<\/option>\r\n\t\t\t\t\t\t\t\t\t\t\t\t\t\t\t\t\t\t\t\t\t\t\t<option\r\n\t\t\t\t\t\t\t\t\t\t\t\tvalue=\"233\"\r\n\t\t\t\t\t\t\t\t\t\t\t\t\t\t\t\t\t\t\t\t\t\t\t\t>\r\n\t\t\t\t\t\t\t\t\t\t\t\t\tPorto Alegre\t\t\t\t\t\t\t\t\t\t\t\t<\/option>\r\n\t\t\t\t\t\t\t\t\t\t\t\t\t\t\t\t\t\t\t\t\t\t\t<option\r\n\t\t\t\t\t\t\t\t\t\t\t\tvalue=\"250\"\r\n\t\t\t\t\t\t\t\t\t\t\t\t\t\t\t\t\t\t\t\t\t\t\t\t>\r\n\t\t\t\t\t\t\t\t\t\t\t\t\tPortugal\t\t\t\t\t\t\t\t\t\t\t\t<\/option>\r\n\t\t\t\t\t\t\t\t\t\t\t\t\t\t\t\t\t\t\t\t\t<\/select>\r\n\t\t\t\t\t\t\t\t\t<\/div><!-- \/.select -->\r\n\t\t\t\t\t\t\t\t<\/div><!-- \/.form__controls -->\r\n\t\t\t\t\t\t\t<\/div><!-- \/.form__row -->\r\n\t\t\t\t\t\t\t\t\t\t\t\t\r\n\t\t\t\t\t\t<div class=\"form__row\">\r\n\t\t\t\t\t\t\t<label for=\"field-post-category\" class=\"form__label sr-only\">Categoria<\/label>\r\n\t\t\t\t\t\t\t\r\n\t\t\t\t\t\t\t<div class=\"form__controls\">\r\n\t\t\t\t\t\t\t\t<div class=\"select\">\r\n\t\t\t\t\t\t\t\t\t<select id=\"field-post-category\" name=\"categories\">\r\n\t\t\t\t\t\t\t\t\t\t<option value=\"\">Categoria<\/option>\r\n\t\t\t\t\t\t\t\t\t\t\t\t\t\t\t\t\t\t\t\t\t<option\r\n\t\t\t\t\t\t\t\t\t\t\tvalue=\"171\"\r\n\t\t\t\t\t\t\t\t\t\t\t\t\t\t\t\t\t\t\t\t\t\t>\r\n\t\t\t\t\t\t\t\t\t\t\t\tCultura\t\t\t\t\t\t\t\t\t\t\t<\/option>\r\n\t\t\t\t\t\t\t\t\t\t\t\t\t\t\t\t\t\t\t\t\t<option\r\n\t\t\t\t\t\t\t\t\t\t\tvalue=\"135\"\r\n\t\t\t\t\t\t\t\t\t\t\t\t\t\t\t\t\t\t\t\t\t\t>\r\n\t\t\t\t\t\t\t\t\t\t\t\tGastronomia\t\t\t\t\t\t\t\t\t\t\t<\/option>\r\n\t\t\t\t\t\t\t\t\t\t\t\t\t\t\t\t\t\t\t\t\t<option\r\n\t\t\t\t\t\t\t\t\t\t\tvalue=\"136\"\r\n\t\t\t\t\t\t\t\t\t\t\t\t\t\t\t\t\t\t\t\t\t\t>\r\n\t\t\t\t\t\t\t\t\t\t\t\tSustentabilidade\t\t\t\t\t\t\t\t\t\t\t<\/option>\r\n\t\t\t\t\t\t\t\t\t\t\t\t\t\t\t\t\t\t\t\t\t<option\r\n\t\t\t\t\t\t\t\t\t\t\tvalue=\"170\"\r\n\t\t\t\t\t\t\t\t\t\t\t\t\t\t\t\t\t\t\t\t\t\t>\r\n\t\t\t\t\t\t\t\t\t\t\t\tTurismo\t\t\t\t\t\t\t\t\t\t\t<\/option>\r\n\t\t\t\t\t\t\t\t\t\t\t\t\t\t\t\t\t\t\t<\/select>\r\n\t\t\t\t\t\t\t\t<\/div><!-- \/.select -->\r\n\t\t\t\t\t\t\t<\/div><!-- \/.form__controls -->\r\n\t\t\t\t\t\t<\/div><!-- \/.form__row -->\r\n\t\t\t\t\t<\/div><!-- \/.form__body -->\r\n\t\t\t\t\t\r\n\t\t\t\t\t<div class=\"form__actions\">\r\n\t\t\t\t\t\t<input type=\"submit\" value=\"Pesquisar\" class=\"form__btn sr-only\">\r\n\t\t\t\t\t<\/div><!-- \/.form__actions -->\r\n\t\t\t\t<\/form>\r\n\t\t\t<\/div><!-- \/.form -->\r\n\t\t\t\r\n\t\t\t<p><strong>4<\/strong> Resultados<\/p>\r\n\t\t<\/header><!-- \/.section__head -->\r\n\t\t\r\n\t\t<div class=\"section__content\">\r\n\t\t\t<div class=\"articles\">\r\n\t\t\t\t<div class=\"articles__items ajax__items\">\r\n\t\t\t\t\t\t\t\t\t\t\t<ul>\r\n\t\t\t\t\t\t\t\t\t\t\t\t\t\t\t<li>\r\n\t\t\t\t\t\t\t\t\t<div class=\"article\">\r\n\t\t\t\t\t\t\t\t\t\t<div class=\"article__image\">\r\n\t\t\t\t\t\t\t\t\t\t\t<a href=\"https:\/\/moovhotels-qa.toogas.net\/pt-br\/mais-que-um-hotel-uma-experiencia-a-todos-os-niveis\/\"><\/a>\r\n\t\t\t\t\t\t\t\t\t\t\t<img fetchpriority=\"high\" decoding=\"async\" width=\"800\" height=\"502\" src=\"https:\/\/moovhotels-qa.toogas.net\/wp-content\/uploads\/2024\/04\/BannerSustentabilidade-Moov-e1722416681707-1024x643.webp\" class=\"attachment-large size-large wp-post-image\" alt=\"\" srcset=\"https:\/\/moovhotels-qa.toogas.net\/wp-content\/uploads\/2024\/04\/BannerSustentabilidade-Moov-e1722416681707-1024x643.webp 1024w, https:\/\/moovhotels-qa.toogas.net\/wp-content\/uploads\/2024\/04\/BannerSustentabilidade-Moov-e1722416681707-300x188.webp 300w, https:\/\/moovhotels-qa.toogas.net\/wp-content\/uploads\/2024\/04\/BannerSustentabilidade-Moov-e1722416681707-768x482.webp 768w, https:\/\/moovhotels-qa.toogas.net\/wp-content\/uploads\/2024\/04\/BannerSustentabilidade-Moov-e1722416681707.webp 1199w\" sizes=\"(max-width: 800px) 100vw, 800px\" \/>\r\n\t\t\t\t\t\t\t\t\t\t\t<div class=\"article__meta\">\r\n\t\t\t\t\t\t\t\t\t\t\t\t<ul>\r\n\t\t\t\t\t\t\t\t\t\t\t\t\t\r\n\t\t\t\t\t\t\t\t\t\t\t\t\t\t\t\t\t\t\t\t\t\t\t\t\t\t\t<li>\r\n\t\t\t\t\t\t\t\t\t\t\t\t\t\t\t<span>Sustentabilidade<\/span>\r\n\t\t\t\t\t\t\t\t\t\t\t\t\t\t<\/li>\r\n\t\t\t\t\t\t\t\t\t\t\t\t\t\t\t\t\t\t\t\t\t\t\t\t\t<\/ul>\r\n\t\t\t\t\t\t\t\t\t\t\t<\/div><!-- \/.article__meta -->\r\n\t\t\t\t\t\t\t\t\t\t<\/div><!-- \/.article__image -->\r\n\r\n\t\t\t\t\t\t\t\t\t\t<div class=\"article__content\">\r\n\t\t\t\t\t\t\t\t\t\t\t<div class=\"article__date\">\r\n\t\t\t\t\t\t\t\t\t\t\t\t<p>abril 2025<\/p>\r\n\t\t\t\t\t\t\t\t\t\t\t<\/div><!-- \/.article__date -->\r\n\r\n\t\t\t\t\t\t\t\t\t\t\t<div class=\"article__title\">\r\n\t\t\t\t\t\t\t\t\t\t\t\t<h3>\r\n\t\t\t\t\t\t\t\t\t\t\t\t\t<a href=\"https:\/\/moovhotels-qa.toogas.net\/pt-br\/mais-que-um-hotel-uma-experiencia-a-todos-os-niveis\/\">\r\n\t\t\t\t\t\t\t\t\t\t\t\t\t\tMais do que um hotel, uma experi\u00eancia em todos os aspectos\t\t\t\t\t\t\t\t\t\t\t\t\t<\/a>\r\n\t\t\t\t\t\t\t\t\t\t\t\t<\/h3>\r\n\t\t\t\t\t\t\t\t\t\t\t\t<p><p>A marca Moov \u00e9 simplesmente \u00fanica. Todos os seus hot\u00e9is<\/p>\n<\/p>\r\n\t\t\t\t\t\t\t\t\t\t\t<\/div><!-- \/.article__title -->\r\n\r\n\t\t\t\t\t\t\t\t\t\t\t<div class=\"article__actions\">\r\n\t\t\t\t\t\t\t\t\t\t\t\t<a href=\"https:\/\/moovhotels-qa.toogas.net\/pt-br\/mais-que-um-hotel-uma-experiencia-a-todos-os-niveis\/\">Ler mais<\/a>\r\n\t\t\t\t\t\t\t\t\t\t\t<\/div><!-- \/.article__actions -->\r\n\t\t\t\t\t\t\t\t\t\t<\/div><!-- \/.article__content -->\r\n\t\t\t\t\t\t\t\t\t<\/div><!-- \/.article -->\r\n\t\t\t\t\t\t\t\t<\/li>\r\n\t\t\t\t\t\t\t\t\t\t\t\t\t\t\t<li>\r\n\t\t\t\t\t\t\t\t\t<div class=\"article\">\r\n\t\t\t\t\t\t\t\t\t\t<div class=\"article__image\">\r\n\t\t\t\t\t\t\t\t\t\t\t<a href=\"https:\/\/moovhotels-qa.toogas.net\/pt-br\/4-sitios-para-petiscar-no-porto\/\"><\/a>\r\n\t\t\t\t\t\t\t\t\t\t\t<img decoding=\"async\" width=\"800\" height=\"534\" src=\"https:\/\/moovhotels-qa.toogas.net\/wp-content\/uploads\/2024\/09\/Porto-1024x683.jpg\" class=\"attachment-large size-large wp-post-image\" alt=\"\" srcset=\"https:\/\/moovhotels-qa.toogas.net\/wp-content\/uploads\/2024\/09\/Porto-1024x683.jpg 1024w, https:\/\/moovhotels-qa.toogas.net\/wp-content\/uploads\/2024\/09\/Porto-300x200.jpg 300w, https:\/\/moovhotels-qa.toogas.net\/wp-content\/uploads\/2024\/09\/Porto-768x512.jpg 768w, https:\/\/moovhotels-qa.toogas.net\/wp-content\/uploads\/2024\/09\/Porto-1536x1024.jpg 1536w, https:\/\/moovhotels-qa.toogas.net\/wp-content\/uploads\/2024\/09\/Porto-2048x1365.jpg 2048w\" sizes=\"(max-width: 800px) 100vw, 800px\" \/>\r\n\t\t\t\t\t\t\t\t\t\t\t<div class=\"article__meta\">\r\n\t\t\t\t\t\t\t\t\t\t\t\t<ul>\r\n\t\t\t\t\t\t\t\t\t\t\t\t\t\t\t\t\t\t\t\t\t\t\t\t\t\t\t<li>\r\n\t\t\t\t\t\t\t\t\t\t\t\t\t\t\t<span>Porto<\/span>\r\n\t\t\t\t\t\t\t\t\t\t\t\t\t\t<\/li>\r\n\t\t\t\t\t\t\t\t\t\t\t\t\t\r\n\t\t\t\t\t\t\t\t\t\t\t\t\t\t\t\t\t\t\t\t\t\t\t\t\t\t\t<li>\r\n\t\t\t\t\t\t\t\t\t\t\t\t\t\t\t<span>Gastronomia<\/span>\r\n\t\t\t\t\t\t\t\t\t\t\t\t\t\t<\/li>\r\n\t\t\t\t\t\t\t\t\t\t\t\t\t\t\t\t\t\t\t\t\t\t\t\t\t<\/ul>\r\n\t\t\t\t\t\t\t\t\t\t\t<\/div><!-- \/.article__meta -->\r\n\t\t\t\t\t\t\t\t\t\t<\/div><!-- \/.article__image -->\r\n\r\n\t\t\t\t\t\t\t\t\t\t<div class=\"article__content\">\r\n\t\t\t\t\t\t\t\t\t\t\t<div class=\"article__date\">\r\n\t\t\t\t\t\t\t\t\t\t\t\t<p>setembro 2024<\/p>\r\n\t\t\t\t\t\t\t\t\t\t\t<\/div><!-- \/.article__date -->\r\n\r\n\t\t\t\t\t\t\t\t\t\t\t<div class=\"article__title\">\r\n\t\t\t\t\t\t\t\t\t\t\t\t<h3>\r\n\t\t\t\t\t\t\t\t\t\t\t\t\t<a href=\"https:\/\/moovhotels-qa.toogas.net\/pt-br\/4-sitios-para-petiscar-no-porto\/\">\r\n\t\t\t\t\t\t\t\t\t\t\t\t\t\t4 lugares para petiscar no Porto\t\t\t\t\t\t\t\t\t\t\t\t\t<\/a>\r\n\t\t\t\t\t\t\t\t\t\t\t\t<\/h3>\r\n\t\t\t\t\t\t\t\t\t\t\t\t<p><p>Se voc\u00ea ainda n\u00e3o almo\u00e7ou ou jantou, prepare-se, pois as<\/p>\n<\/p>\r\n\t\t\t\t\t\t\t\t\t\t\t<\/div><!-- \/.article__title -->\r\n\r\n\t\t\t\t\t\t\t\t\t\t\t<div class=\"article__actions\">\r\n\t\t\t\t\t\t\t\t\t\t\t\t<a href=\"https:\/\/moovhotels-qa.toogas.net\/pt-br\/4-sitios-para-petiscar-no-porto\/\">Ler mais<\/a>\r\n\t\t\t\t\t\t\t\t\t\t\t<\/div><!-- \/.article__actions -->\r\n\t\t\t\t\t\t\t\t\t\t<\/div><!-- \/.article__content -->\r\n\t\t\t\t\t\t\t\t\t<\/div><!-- \/.article -->\r\n\t\t\t\t\t\t\t\t<\/li>\r\n\t\t\t\t\t\t\t\t\t\t\t\t\t\t\t<li>\r\n\t\t\t\t\t\t\t\t\t<div class=\"article\">\r\n\t\t\t\t\t\t\t\t\t\t<div class=\"article__image\">\r\n\t\t\t\t\t\t\t\t\t\t\t<a href=\"https:\/\/moovhotels-qa.toogas.net\/pt-br\/oeiras-e-seus-arredores\/\"><\/a>\r\n\t\t\t\t\t\t\t\t\t\t\t<img decoding=\"async\" width=\"754\" height=\"394\" src=\"https:\/\/moovhotels-qa.toogas.net\/wp-content\/uploads\/2024\/09\/Oeiras.jpg\" class=\"attachment-large size-large wp-post-image\" alt=\"\" srcset=\"https:\/\/moovhotels-qa.toogas.net\/wp-content\/uploads\/2024\/09\/Oeiras.jpg 754w, https:\/\/moovhotels-qa.toogas.net\/wp-content\/uploads\/2024\/09\/Oeiras-300x157.jpg 300w\" sizes=\"(max-width: 754px) 100vw, 754px\" \/>\r\n\t\t\t\t\t\t\t\t\t\t\t<div class=\"article__meta\">\r\n\t\t\t\t\t\t\t\t\t\t\t\t<ul>\r\n\t\t\t\t\t\t\t\t\t\t\t\t\t\t\t\t\t\t\t\t\t\t\t\t\t\t\t<li>\r\n\t\t\t\t\t\t\t\t\t\t\t\t\t\t\t<span>Oeiras<\/span>\r\n\t\t\t\t\t\t\t\t\t\t\t\t\t\t<\/li>\r\n\t\t\t\t\t\t\t\t\t\t\t\t\t\r\n\t\t\t\t\t\t\t\t\t\t\t\t\t\t\t\t\t\t\t\t\t\t\t\t\t\t\t<li>\r\n\t\t\t\t\t\t\t\t\t\t\t\t\t\t\t<span>Cultura, Turismo<\/span>\r\n\t\t\t\t\t\t\t\t\t\t\t\t\t\t<\/li>\r\n\t\t\t\t\t\t\t\t\t\t\t\t\t\t\t\t\t\t\t\t\t\t\t\t\t<\/ul>\r\n\t\t\t\t\t\t\t\t\t\t\t<\/div><!-- \/.article__meta -->\r\n\t\t\t\t\t\t\t\t\t\t<\/div><!-- \/.article__image -->\r\n\r\n\t\t\t\t\t\t\t\t\t\t<div class=\"article__content\">\r\n\t\t\t\t\t\t\t\t\t\t\t<div class=\"article__date\">\r\n\t\t\t\t\t\t\t\t\t\t\t\t<p>setembro 2024<\/p>\r\n\t\t\t\t\t\t\t\t\t\t\t<\/div><!-- \/.article__date -->\r\n\r\n\t\t\t\t\t\t\t\t\t\t\t<div class=\"article__title\">\r\n\t\t\t\t\t\t\t\t\t\t\t\t<h3>\r\n\t\t\t\t\t\t\t\t\t\t\t\t\t<a href=\"https:\/\/moovhotels-qa.toogas.net\/pt-br\/oeiras-e-seus-arredores\/\">\r\n\t\t\t\t\t\t\t\t\t\t\t\t\t\tOeiras e seus arredores\t\t\t\t\t\t\t\t\t\t\t\t\t<\/a>\r\n\t\t\t\t\t\t\t\t\t\t\t\t<\/h3>\r\n\t\t\t\t\t\t\t\t\t\t\t\t<p><p>Situado \u00e0 beira-mar e a cerca de 10 km de<\/p>\n<\/p>\r\n\t\t\t\t\t\t\t\t\t\t\t<\/div><!-- \/.article__title -->\r\n\r\n\t\t\t\t\t\t\t\t\t\t\t<div class=\"article__actions\">\r\n\t\t\t\t\t\t\t\t\t\t\t\t<a href=\"https:\/\/moovhotels-qa.toogas.net\/pt-br\/oeiras-e-seus-arredores\/\">Ler mais<\/a>\r\n\t\t\t\t\t\t\t\t\t\t\t<\/div><!-- \/.article__actions -->\r\n\t\t\t\t\t\t\t\t\t\t<\/div><!-- \/.article__content -->\r\n\t\t\t\t\t\t\t\t\t<\/div><!-- \/.article -->\r\n\t\t\t\t\t\t\t\t<\/li>\r\n\t\t\t\t\t\t\t\t\t\t\t\t\t\t\t<li>\r\n\t\t\t\t\t\t\t\t\t<div class=\"article\">\r\n\t\t\t\t\t\t\t\t\t\t<div class=\"article__image\">\r\n\t\t\t\t\t\t\t\t\t\t\t<a href=\"https:\/\/moovhotels-qa.toogas.net\/pt-br\/evora-uma-janela-para-a-gastronomia\/\"><\/a>\r\n\t\t\t\t\t\t\t\t\t\t\t<img loading=\"lazy\" decoding=\"async\" width=\"800\" height=\"534\" src=\"https:\/\/moovhotels-qa.toogas.net\/wp-content\/uploads\/2023\/05\/pexels-cristian-rojas-7613432-1024x683.jpg\" class=\"attachment-large size-large wp-post-image\" alt=\"\" srcset=\"https:\/\/moovhotels-qa.toogas.net\/wp-content\/uploads\/2023\/05\/pexels-cristian-rojas-7613432-1024x683.jpg 1024w, https:\/\/moovhotels-qa.toogas.net\/wp-content\/uploads\/2023\/05\/pexels-cristian-rojas-7613432-300x200.jpg 300w, https:\/\/moovhotels-qa.toogas.net\/wp-content\/uploads\/2023\/05\/pexels-cristian-rojas-7613432-768x512.jpg 768w, https:\/\/moovhotels-qa.toogas.net\/wp-content\/uploads\/2023\/05\/pexels-cristian-rojas-7613432-1536x1025.jpg 1536w, https:\/\/moovhotels-qa.toogas.net\/wp-content\/uploads\/2023\/05\/pexels-cristian-rojas-7613432-2048x1366.jpg 2048w\" sizes=\"(max-width: 800px) 100vw, 800px\" \/>\r\n\t\t\t\t\t\t\t\t\t\t\t<div class=\"article__meta\">\r\n\t\t\t\t\t\t\t\t\t\t\t\t<ul>\r\n\t\t\t\t\t\t\t\t\t\t\t\t\t\t\t\t\t\t\t\t\t\t\t\t\t\t\t<li>\r\n\t\t\t\t\t\t\t\t\t\t\t\t\t\t\t<span>\u00c9vora<\/span>\r\n\t\t\t\t\t\t\t\t\t\t\t\t\t\t<\/li>\r\n\t\t\t\t\t\t\t\t\t\t\t\t\t\r\n\t\t\t\t\t\t\t\t\t\t\t\t\t\t\t\t\t\t\t\t\t\t\t\t\t\t\t<li>\r\n\t\t\t\t\t\t\t\t\t\t\t\t\t\t\t<span>Gastronomia<\/span>\r\n\t\t\t\t\t\t\t\t\t\t\t\t\t\t<\/li>\r\n\t\t\t\t\t\t\t\t\t\t\t\t\t\t\t\t\t\t\t\t\t\t\t\t\t<\/ul>\r\n\t\t\t\t\t\t\t\t\t\t\t<\/div><!-- \/.article__meta -->\r\n\t\t\t\t\t\t\t\t\t\t<\/div><!-- \/.article__image -->\r\n\r\n\t\t\t\t\t\t\t\t\t\t<div class=\"article__content\">\r\n\t\t\t\t\t\t\t\t\t\t\t<div class=\"article__date\">\r\n\t\t\t\t\t\t\t\t\t\t\t\t<p>maio 2023<\/p>\r\n\t\t\t\t\t\t\t\t\t\t\t<\/div><!-- \/.article__date -->\r\n\r\n\t\t\t\t\t\t\t\t\t\t\t<div class=\"article__title\">\r\n\t\t\t\t\t\t\t\t\t\t\t\t<h3>\r\n\t\t\t\t\t\t\t\t\t\t\t\t\t<a href=\"https:\/\/moovhotels-qa.toogas.net\/pt-br\/evora-uma-janela-para-a-gastronomia\/\">\r\n\t\t\t\t\t\t\t\t\t\t\t\t\t\t\u00c9vora, uma janela para a gastronomia\t\t\t\t\t\t\t\t\t\t\t\t\t<\/a>\r\n\t\t\t\t\t\t\t\t\t\t\t\t<\/h3>\r\n\t\t\t\t\t\t\t\t\t\t\t\t<p><p>A gastronomia de \u00c9vora \u00e9 uma das mais ricas de<\/p>\n<\/p>\r\n\t\t\t\t\t\t\t\t\t\t\t<\/div><!-- \/.article__title -->\r\n\r\n\t\t\t\t\t\t\t\t\t\t\t<div class=\"article__actions\">\r\n\t\t\t\t\t\t\t\t\t\t\t\t<a href=\"https:\/\/moovhotels-qa.toogas.net\/pt-br\/evora-uma-janela-para-a-gastronomia\/\">Ler mais<\/a>\r\n\t\t\t\t\t\t\t\t\t\t\t<\/div><!-- \/.article__actions -->\r\n\t\t\t\t\t\t\t\t\t\t<\/div><!-- \/.article__content -->\r\n\t\t\t\t\t\t\t\t\t<\/div><!-- \/.article -->\r\n\t\t\t\t\t\t\t\t<\/li>\r\n\t\t\t\t\t\t\t\t\t\t\t\t\t<\/ul>\r\n\t\t\t\t\t\t\t\t\t\t\t\t\t\t<\/div><!-- \/.articles__items -->\r\n\r\n\t\t\t\t<div class=\"articles__actions ajax__actions\">\r\n\t\t\t\t\t\t\t\t\t\t\t\t\t\t\t\t\t\t\t\t<\/div><!-- \/.articles__actions -->\r\n\t\t\t<\/div><!-- \/.articles -->\r\n\t\t<\/div><!-- \/.section__content -->\r\n\t<\/div><!-- \/.section-articles -->\r\n\t\r\n\t\t\t<\/div>\n\t\t\t\t<\/div>\n\t\t\t\t\t<\/div>\n\t\t\t\t<\/div>\n\t\t\t\t<\/div>\n\t\t","protected":false},"excerpt":{"rendered":"<p>Not\u00edcias Location Location \u00c9vora Lisboa Oeiras Porto Portugal Category Category Cultura Gastronomia Sustentabilidade Turismo 4 Results Porto Gastronomia September 2024 4 locais para petiscar no Porto Se ainda n\u00e3o almo\u00e7ou ou jantou prepare-se, pois, as pr\u00f3ximas sugest\u00f5es v\u00e3o deix\u00e1-lo com \u00e1gua na boca. Venha conhecer os petiscos da emblem\u00e1tica cidade e onde est\u00e3o localizados: Casa [&hellip;]<\/p>\n","protected":false},"author":4,"featured_media":0,"parent":0,"menu_order":0,"comment_status":"closed","ping_status":"closed","template":"","meta":{"_acf_changed":false,"footnotes":""},"class_list":["post-13170","page","type-page","status-publish","hentry"],"acf":[],"_links":{"self":[{"href":"https:\/\/moovhotels-qa.toogas.net\/pt-br\/wp-json\/wp\/v2\/pages\/13170","targetHints":{"allow":["GET"]}}],"collection":[{"href":"https:\/\/moovhotels-qa.toogas.net\/pt-br\/wp-json\/wp\/v2\/pages"}],"about":[{"href":"https:\/\/moovhotels-qa.toogas.net\/pt-br\/wp-json\/wp\/v2\/types\/page"}],"author":[{"embeddable":true,"href":"https:\/\/moovhotels-qa.toogas.net\/pt-br\/wp-json\/wp\/v2\/users\/4"}],"replies":[{"embeddable":true,"href":"https:\/\/moovhotels-qa.toogas.net\/pt-br\/wp-json\/wp\/v2\/comments?post=13170"}],"version-history":[{"count":6,"href":"https:\/\/moovhotels-qa.toogas.net\/pt-br\/wp-json\/wp\/v2\/pages\/13170\/revisions"}],"predecessor-version":[{"id":17598,"href":"https:\/\/moovhotels-qa.toogas.net\/pt-br\/wp-json\/wp\/v2\/pages\/13170\/revisions\/17598"}],"wp:attachment":[{"href":"https:\/\/moovhotels-qa.toogas.net\/pt-br\/wp-json\/wp\/v2\/media?parent=13170"}],"curies":[{"name":"wp","href":"https:\/\/api.w.org\/{rel}","templated":true}]}}