{"id":13178,"date":"2024-01-23T07:45:46","date_gmt":"2024-01-23T07:45:46","guid":{"rendered":"https:\/\/dev.hotelmoov.com\/actualites\/"},"modified":"2024-11-29T20:07:36","modified_gmt":"2024-11-29T20:07:36","slug":"actualites","status":"publish","type":"page","link":"https:\/\/moovhotels-qa.toogas.net\/fr\/actualites\/","title":{"rendered":"Actualit\u00e9s"},"content":{"rendered":"\t\t<div data-elementor-type=\"wp-page\" data-elementor-id=\"13178\" class=\"elementor elementor-13178 elementor-3890\" data-elementor-post-type=\"page\">\n\t\t\t\t<div class=\"elementor-element elementor-element-24ab128 el-hero-paralax e-flex e-con-boxed e-con e-parent\" data-id=\"24ab128\" data-element_type=\"container\" data-settings=\"{&quot;background_background&quot;:&quot;classic&quot;}\">\n\t\t\t\t\t<div class=\"e-con-inner\">\n\t\t<div class=\"elementor-element elementor-element-f58b145 el-hero-paralax__container e-flex e-con-boxed e-con e-child\" data-id=\"f58b145\" data-element_type=\"container\">\n\t\t\t\t\t<div class=\"e-con-inner\">\n\t\t\t\t<div class=\"elementor-element elementor-element-292509f elementor-widget elementor-widget-heading\" data-id=\"292509f\" data-element_type=\"widget\" data-widget_type=\"heading.default\">\n\t\t\t\t<div class=\"elementor-widget-container\">\n\t\t\t<style>\/*! elementor - v3.23.0 - 05-08-2024 *\/\n.elementor-heading-title{padding:0;margin:0;line-height:1}.elementor-widget-heading .elementor-heading-title[class*=elementor-size-]>a{color:inherit;font-size:inherit;line-height:inherit}.elementor-widget-heading .elementor-heading-title.elementor-size-small{font-size:15px}.elementor-widget-heading .elementor-heading-title.elementor-size-medium{font-size:19px}.elementor-widget-heading .elementor-heading-title.elementor-size-large{font-size:29px}.elementor-widget-heading .elementor-heading-title.elementor-size-xl{font-size:39px}.elementor-widget-heading .elementor-heading-title.elementor-size-xxl{font-size:59px}<\/style><h1 class=\"elementor-heading-title elementor-size-default\">Actualit\u00e9s<\/h1>\t\t<\/div>\n\t\t\t\t<\/div>\n\t\t\t\t\t<\/div>\n\t\t\t\t<\/div>\n\t\t\t\t\t<\/div>\n\t\t\t\t<\/div>\n\t\t<div class=\"elementor-element elementor-element-1985fe6 e-con-full e-flex e-con e-parent\" data-id=\"1985fe6\" data-element_type=\"container\" data-settings=\"{&quot;background_background&quot;:&quot;classic&quot;}\">\n\t\t\t\t<div class=\"elementor-element elementor-element-b5665f0 elementor-widget elementor-widget-spacer\" data-id=\"b5665f0\" data-element_type=\"widget\" data-widget_type=\"spacer.default\">\n\t\t\t\t<div class=\"elementor-widget-container\">\n\t\t\t<style>\/*! elementor - v3.23.0 - 05-08-2024 *\/\n.elementor-column .elementor-spacer-inner{height:var(--spacer-size)}.e-con{--container-widget-width:100%}.e-con-inner>.elementor-widget-spacer,.e-con>.elementor-widget-spacer{width:var(--container-widget-width,var(--spacer-size));--align-self:var(--container-widget-align-self,initial);--flex-shrink:0}.e-con-inner>.elementor-widget-spacer>.elementor-widget-container,.e-con>.elementor-widget-spacer>.elementor-widget-container{height:100%;width:100%}.e-con-inner>.elementor-widget-spacer>.elementor-widget-container>.elementor-spacer,.e-con>.elementor-widget-spacer>.elementor-widget-container>.elementor-spacer{height:100%}.e-con-inner>.elementor-widget-spacer>.elementor-widget-container>.elementor-spacer>.elementor-spacer-inner,.e-con>.elementor-widget-spacer>.elementor-widget-container>.elementor-spacer>.elementor-spacer-inner{height:var(--container-widget-height,var(--spacer-size))}.e-con-inner>.elementor-widget-spacer.elementor-widget-empty,.e-con>.elementor-widget-spacer.elementor-widget-empty{position:relative;min-height:22px;min-width:22px}.e-con-inner>.elementor-widget-spacer.elementor-widget-empty .elementor-widget-empty-icon,.e-con>.elementor-widget-spacer.elementor-widget-empty .elementor-widget-empty-icon{position:absolute;top:0;bottom:0;left:0;right:0;margin:auto;padding:0;width:22px;height:22px}<\/style>\t\t<div class=\"elementor-spacer\">\n\t\t\t<div class=\"elementor-spacer-inner\"><\/div>\n\t\t<\/div>\n\t\t\t\t<\/div>\n\t\t\t\t<\/div>\n\t\t\t\t<\/div>\n\t\t<div class=\"elementor-element elementor-element-7eb5bfa e-flex e-con-boxed e-con e-parent\" data-id=\"7eb5bfa\" data-element_type=\"container\">\n\t\t\t\t\t<div class=\"e-con-inner\">\n\t\t\t\t<div class=\"elementor-element elementor-element-cc45116 elementor-widget elementor-widget-theme_posts_listing\" data-id=\"cc45116\" data-element_type=\"widget\" data-widget_type=\"theme_posts_listing.default\">\n\t\t\t\t<div class=\"elementor-widget-container\">\n\t\t\t\t<div class=\"section-articles section-ajax\">\r\n\t\t<header class=\"section__head ajax__head\">\r\n\t\t\t<div class=\"form-posts\">\r\n\t\t\t\t<form action=\"?\" method=\"post\">\r\n\t\t\t\t\t<div class=\"form__body\">\r\n\t\t\t\t\t\t\t\t\t\t\t\t\t<div class=\"form__row\">\r\n\t\t\t\t\t\t\t\t<label for=\"field-post-location\" class=\"form__label sr-only\">Localisation<\/label>\r\n\t\t\t\t\t\t\t\t\r\n\t\t\t\t\t\t\t\t<div class=\"form__controls\">\r\n\t\t\t\t\t\t\t\t\t<div class=\"select\">\r\n\t\t\t\t\t\t\t\t\t\t<select id=\"field-post-location\" name=\"locations\">\r\n\t\t\t\t\t\t\t\t\t\t\t<option value=\"\">Localisation<\/option>\r\n\t\t\t\t\t\t\t\t\t\t\t\t\t\t\t\t\t\t\t\t\t\t\t<option\r\n\t\t\t\t\t\t\t\t\t\t\t\tvalue=\"223\"\r\n\t\t\t\t\t\t\t\t\t\t\t\t\t\t\t\t\t\t\t\t\t\t\t\t>\r\n\t\t\t\t\t\t\t\t\t\t\t\t\tCuritiba\t\t\t\t\t\t\t\t\t\t\t\t<\/option>\r\n\t\t\t\t\t\t\t\t\t\t\t\t\t\t\t\t\t\t\t\t\t\t\t<option\r\n\t\t\t\t\t\t\t\t\t\t\t\tvalue=\"177\"\r\n\t\t\t\t\t\t\t\t\t\t\t\t\t\t\t\t\t\t\t\t\t\t\t\t>\r\n\t\t\t\t\t\t\t\t\t\t\t\t\t\u00c9vora\t\t\t\t\t\t\t\t\t\t\t\t<\/option>\r\n\t\t\t\t\t\t\t\t\t\t\t\t\t\t\t\t\t\t\t\t\t\t\t<option\r\n\t\t\t\t\t\t\t\t\t\t\t\tvalue=\"158\"\r\n\t\t\t\t\t\t\t\t\t\t\t\t\t\t\t\t\t\t\t\t\t\t\t\t>\r\n\t\t\t\t\t\t\t\t\t\t\t\t\tLisbonne\t\t\t\t\t\t\t\t\t\t\t\t<\/option>\r\n\t\t\t\t\t\t\t\t\t\t\t\t\t\t\t\t\t\t\t\t\t\t\t<option\r\n\t\t\t\t\t\t\t\t\t\t\t\tvalue=\"169\"\r\n\t\t\t\t\t\t\t\t\t\t\t\t\t\t\t\t\t\t\t\t\t\t\t\t>\r\n\t\t\t\t\t\t\t\t\t\t\t\t\tOeiras\t\t\t\t\t\t\t\t\t\t\t\t<\/option>\r\n\t\t\t\t\t\t\t\t\t\t\t\t\t\t\t\t\t\t\t\t\t\t\t<option\r\n\t\t\t\t\t\t\t\t\t\t\t\tvalue=\"140\"\r\n\t\t\t\t\t\t\t\t\t\t\t\t\t\t\t\t\t\t\t\t\t\t\t\t>\r\n\t\t\t\t\t\t\t\t\t\t\t\t\tPorto\t\t\t\t\t\t\t\t\t\t\t\t<\/option>\r\n\t\t\t\t\t\t\t\t\t\t\t\t\t\t\t\t\t\t\t\t\t\t\t<option\r\n\t\t\t\t\t\t\t\t\t\t\t\tvalue=\"230\"\r\n\t\t\t\t\t\t\t\t\t\t\t\t\t\t\t\t\t\t\t\t\t\t\t\t>\r\n\t\t\t\t\t\t\t\t\t\t\t\t\tPorto Alegre\t\t\t\t\t\t\t\t\t\t\t\t<\/option>\r\n\t\t\t\t\t\t\t\t\t\t\t\t\t\t\t\t\t\t\t\t\t\t\t<option\r\n\t\t\t\t\t\t\t\t\t\t\t\tvalue=\"251\"\r\n\t\t\t\t\t\t\t\t\t\t\t\t\t\t\t\t\t\t\t\t\t\t\t\t>\r\n\t\t\t\t\t\t\t\t\t\t\t\t\tPortugal\t\t\t\t\t\t\t\t\t\t\t\t<\/option>\r\n\t\t\t\t\t\t\t\t\t\t\t\t\t\t\t\t\t\t\t\t\t<\/select>\r\n\t\t\t\t\t\t\t\t\t<\/div><!-- \/.select -->\r\n\t\t\t\t\t\t\t\t<\/div><!-- \/.form__controls -->\r\n\t\t\t\t\t\t\t<\/div><!-- \/.form__row -->\r\n\t\t\t\t\t\t\t\t\t\t\t\t\r\n\t\t\t\t\t\t<div class=\"form__row\">\r\n\t\t\t\t\t\t\t<label for=\"field-post-category\" class=\"form__label sr-only\">Cat\u00e9gorie<\/label>\r\n\t\t\t\t\t\t\t\r\n\t\t\t\t\t\t\t<div class=\"form__controls\">\r\n\t\t\t\t\t\t\t\t<div class=\"select\">\r\n\t\t\t\t\t\t\t\t\t<select id=\"field-post-category\" name=\"categories\">\r\n\t\t\t\t\t\t\t\t\t\t<option value=\"\">Cat\u00e9gorie<\/option>\r\n\t\t\t\t\t\t\t\t\t\t\t\t\t\t\t\t\t\t\t\t\t<option\r\n\t\t\t\t\t\t\t\t\t\t\tvalue=\"168\"\r\n\t\t\t\t\t\t\t\t\t\t\t\t\t\t\t\t\t\t\t\t\t\t>\r\n\t\t\t\t\t\t\t\t\t\t\t\tCulture\t\t\t\t\t\t\t\t\t\t\t<\/option>\r\n\t\t\t\t\t\t\t\t\t\t\t\t\t\t\t\t\t\t\t\t\t<option\r\n\t\t\t\t\t\t\t\t\t\t\tvalue=\"137\"\r\n\t\t\t\t\t\t\t\t\t\t\t\t\t\t\t\t\t\t\t\t\t\t>\r\n\t\t\t\t\t\t\t\t\t\t\t\tDurabilit\u00e9\t\t\t\t\t\t\t\t\t\t\t<\/option>\r\n\t\t\t\t\t\t\t\t\t\t\t\t\t\t\t\t\t\t\t\t\t<option\r\n\t\t\t\t\t\t\t\t\t\t\tvalue=\"138\"\r\n\t\t\t\t\t\t\t\t\t\t\t\t\t\t\t\t\t\t\t\t\t\t>\r\n\t\t\t\t\t\t\t\t\t\t\t\tGastronomie\t\t\t\t\t\t\t\t\t\t\t<\/option>\r\n\t\t\t\t\t\t\t\t\t\t\t\t\t\t\t\t\t\t\t\t\t<option\r\n\t\t\t\t\t\t\t\t\t\t\tvalue=\"167\"\r\n\t\t\t\t\t\t\t\t\t\t\t\t\t\t\t\t\t\t\t\t\t\t>\r\n\t\t\t\t\t\t\t\t\t\t\t\tTourisme\t\t\t\t\t\t\t\t\t\t\t<\/option>\r\n\t\t\t\t\t\t\t\t\t\t\t\t\t\t\t\t\t\t\t<\/select>\r\n\t\t\t\t\t\t\t\t<\/div><!-- \/.select -->\r\n\t\t\t\t\t\t\t<\/div><!-- \/.form__controls -->\r\n\t\t\t\t\t\t<\/div><!-- \/.form__row -->\r\n\t\t\t\t\t<\/div><!-- \/.form__body -->\r\n\t\t\t\t\t\r\n\t\t\t\t\t<div class=\"form__actions\">\r\n\t\t\t\t\t\t<input type=\"submit\" value=\"Pesquisar\" class=\"form__btn sr-only\">\r\n\t\t\t\t\t<\/div><!-- \/.form__actions -->\r\n\t\t\t\t<\/form>\r\n\t\t\t<\/div><!-- \/.form -->\r\n\t\t\t\r\n\t\t\t<p><strong>4<\/strong> R\u00e9sultats<\/p>\r\n\t\t<\/header><!-- \/.section__head -->\r\n\t\t\r\n\t\t<div class=\"section__content\">\r\n\t\t\t<div class=\"articles\">\r\n\t\t\t\t<div class=\"articles__items ajax__items\">\r\n\t\t\t\t\t\t\t\t\t\t\t<ul>\r\n\t\t\t\t\t\t\t\t\t\t\t\t\t\t\t<li>\r\n\t\t\t\t\t\t\t\t\t<div class=\"article\">\r\n\t\t\t\t\t\t\t\t\t\t<div class=\"article__image\">\r\n\t\t\t\t\t\t\t\t\t\t\t<a href=\"https:\/\/moovhotels-qa.toogas.net\/fr\/plus-quun-hotel-une-experience-a-tous-les-niveaux\/\"><\/a>\r\n\t\t\t\t\t\t\t\t\t\t\t<img fetchpriority=\"high\" decoding=\"async\" width=\"800\" height=\"502\" src=\"https:\/\/moovhotels-qa.toogas.net\/wp-content\/uploads\/2024\/04\/BannerSustentabilidade-Moov-e1722416681707-1024x643.webp\" class=\"attachment-large size-large wp-post-image\" alt=\"\" srcset=\"https:\/\/moovhotels-qa.toogas.net\/wp-content\/uploads\/2024\/04\/BannerSustentabilidade-Moov-e1722416681707-1024x643.webp 1024w, https:\/\/moovhotels-qa.toogas.net\/wp-content\/uploads\/2024\/04\/BannerSustentabilidade-Moov-e1722416681707-300x188.webp 300w, https:\/\/moovhotels-qa.toogas.net\/wp-content\/uploads\/2024\/04\/BannerSustentabilidade-Moov-e1722416681707-768x482.webp 768w, https:\/\/moovhotels-qa.toogas.net\/wp-content\/uploads\/2024\/04\/BannerSustentabilidade-Moov-e1722416681707.webp 1199w\" sizes=\"(max-width: 800px) 100vw, 800px\" \/>\r\n\t\t\t\t\t\t\t\t\t\t\t<div class=\"article__meta\">\r\n\t\t\t\t\t\t\t\t\t\t\t\t<ul>\r\n\t\t\t\t\t\t\t\t\t\t\t\t\t\r\n\t\t\t\t\t\t\t\t\t\t\t\t\t\t\t\t\t\t\t\t\t\t\t\t\t\t\t<li>\r\n\t\t\t\t\t\t\t\t\t\t\t\t\t\t\t<span>Durabilit\u00e9<\/span>\r\n\t\t\t\t\t\t\t\t\t\t\t\t\t\t<\/li>\r\n\t\t\t\t\t\t\t\t\t\t\t\t\t\t\t\t\t\t\t\t\t\t\t\t\t<\/ul>\r\n\t\t\t\t\t\t\t\t\t\t\t<\/div><!-- \/.article__meta -->\r\n\t\t\t\t\t\t\t\t\t\t<\/div><!-- \/.article__image -->\r\n\r\n\t\t\t\t\t\t\t\t\t\t<div class=\"article__content\">\r\n\t\t\t\t\t\t\t\t\t\t\t<div class=\"article__date\">\r\n\t\t\t\t\t\t\t\t\t\t\t\t<p>avril 2025<\/p>\r\n\t\t\t\t\t\t\t\t\t\t\t<\/div><!-- \/.article__date -->\r\n\r\n\t\t\t\t\t\t\t\t\t\t\t<div class=\"article__title\">\r\n\t\t\t\t\t\t\t\t\t\t\t\t<h3>\r\n\t\t\t\t\t\t\t\t\t\t\t\t\t<a href=\"https:\/\/moovhotels-qa.toogas.net\/fr\/plus-quun-hotel-une-experience-a-tous-les-niveaux\/\">\r\n\t\t\t\t\t\t\t\t\t\t\t\t\t\tPlus qu&rsquo;un h\u00f4tel, une exp\u00e9rience \u00e0 tous les niveaux.\t\t\t\t\t\t\t\t\t\t\t\t\t<\/a>\r\n\t\t\t\t\t\t\t\t\t\t\t\t<\/h3>\r\n\t\t\t\t\t\t\t\t\t\t\t\t<p><p>La marque Moov est tout simplement unique. Tous ses h\u00f4tels<\/p>\n<\/p>\r\n\t\t\t\t\t\t\t\t\t\t\t<\/div><!-- \/.article__title -->\r\n\r\n\t\t\t\t\t\t\t\t\t\t\t<div class=\"article__actions\">\r\n\t\t\t\t\t\t\t\t\t\t\t\t<a href=\"https:\/\/moovhotels-qa.toogas.net\/fr\/plus-quun-hotel-une-experience-a-tous-les-niveaux\/\">Lire la suite<\/a>\r\n\t\t\t\t\t\t\t\t\t\t\t<\/div><!-- \/.article__actions -->\r\n\t\t\t\t\t\t\t\t\t\t<\/div><!-- \/.article__content -->\r\n\t\t\t\t\t\t\t\t\t<\/div><!-- \/.article -->\r\n\t\t\t\t\t\t\t\t<\/li>\r\n\t\t\t\t\t\t\t\t\t\t\t\t\t\t\t<li>\r\n\t\t\t\t\t\t\t\t\t<div class=\"article\">\r\n\t\t\t\t\t\t\t\t\t\t<div class=\"article__image\">\r\n\t\t\t\t\t\t\t\t\t\t\t<a href=\"https:\/\/moovhotels-qa.toogas.net\/fr\/4-sitios-para-petiscar-no-porto\/\"><\/a>\r\n\t\t\t\t\t\t\t\t\t\t\t<img decoding=\"async\" width=\"800\" height=\"534\" src=\"https:\/\/moovhotels-qa.toogas.net\/wp-content\/uploads\/2024\/09\/Porto-1024x683.jpg\" class=\"attachment-large size-large wp-post-image\" alt=\"\" srcset=\"https:\/\/moovhotels-qa.toogas.net\/wp-content\/uploads\/2024\/09\/Porto-1024x683.jpg 1024w, https:\/\/moovhotels-qa.toogas.net\/wp-content\/uploads\/2024\/09\/Porto-300x200.jpg 300w, https:\/\/moovhotels-qa.toogas.net\/wp-content\/uploads\/2024\/09\/Porto-768x512.jpg 768w, https:\/\/moovhotels-qa.toogas.net\/wp-content\/uploads\/2024\/09\/Porto-1536x1024.jpg 1536w, https:\/\/moovhotels-qa.toogas.net\/wp-content\/uploads\/2024\/09\/Porto-2048x1365.jpg 2048w\" sizes=\"(max-width: 800px) 100vw, 800px\" \/>\r\n\t\t\t\t\t\t\t\t\t\t\t<div class=\"article__meta\">\r\n\t\t\t\t\t\t\t\t\t\t\t\t<ul>\r\n\t\t\t\t\t\t\t\t\t\t\t\t\t\t\t\t\t\t\t\t\t\t\t\t\t\t\t<li>\r\n\t\t\t\t\t\t\t\t\t\t\t\t\t\t\t<span>Porto<\/span>\r\n\t\t\t\t\t\t\t\t\t\t\t\t\t\t<\/li>\r\n\t\t\t\t\t\t\t\t\t\t\t\t\t\r\n\t\t\t\t\t\t\t\t\t\t\t\t\t\t\t\t\t\t\t\t\t\t\t\t\t\t\t<li>\r\n\t\t\t\t\t\t\t\t\t\t\t\t\t\t\t<span>Gastronomie<\/span>\r\n\t\t\t\t\t\t\t\t\t\t\t\t\t\t<\/li>\r\n\t\t\t\t\t\t\t\t\t\t\t\t\t\t\t\t\t\t\t\t\t\t\t\t\t<\/ul>\r\n\t\t\t\t\t\t\t\t\t\t\t<\/div><!-- \/.article__meta -->\r\n\t\t\t\t\t\t\t\t\t\t<\/div><!-- \/.article__image -->\r\n\r\n\t\t\t\t\t\t\t\t\t\t<div class=\"article__content\">\r\n\t\t\t\t\t\t\t\t\t\t\t<div class=\"article__date\">\r\n\t\t\t\t\t\t\t\t\t\t\t\t<p>septembre 2024<\/p>\r\n\t\t\t\t\t\t\t\t\t\t\t<\/div><!-- \/.article__date -->\r\n\r\n\t\t\t\t\t\t\t\t\t\t\t<div class=\"article__title\">\r\n\t\t\t\t\t\t\t\t\t\t\t\t<h3>\r\n\t\t\t\t\t\t\t\t\t\t\t\t\t<a href=\"https:\/\/moovhotels-qa.toogas.net\/fr\/4-sitios-para-petiscar-no-porto\/\">\r\n\t\t\t\t\t\t\t\t\t\t\t\t\t\t4 endroits pour grignoter \u00e0 Porto\t\t\t\t\t\t\t\t\t\t\t\t\t<\/a>\r\n\t\t\t\t\t\t\t\t\t\t\t\t<\/h3>\r\n\t\t\t\t\t\t\t\t\t\t\t\t<p><p>Si vous n&rsquo;avez pas encore d\u00e9jeun\u00e9 ou d\u00een\u00e9, pr\u00e9parez-vous, car<\/p>\n<\/p>\r\n\t\t\t\t\t\t\t\t\t\t\t<\/div><!-- \/.article__title -->\r\n\r\n\t\t\t\t\t\t\t\t\t\t\t<div class=\"article__actions\">\r\n\t\t\t\t\t\t\t\t\t\t\t\t<a href=\"https:\/\/moovhotels-qa.toogas.net\/fr\/4-sitios-para-petiscar-no-porto\/\">Lire la suite<\/a>\r\n\t\t\t\t\t\t\t\t\t\t\t<\/div><!-- \/.article__actions -->\r\n\t\t\t\t\t\t\t\t\t\t<\/div><!-- \/.article__content -->\r\n\t\t\t\t\t\t\t\t\t<\/div><!-- \/.article -->\r\n\t\t\t\t\t\t\t\t<\/li>\r\n\t\t\t\t\t\t\t\t\t\t\t\t\t\t\t<li>\r\n\t\t\t\t\t\t\t\t\t<div class=\"article\">\r\n\t\t\t\t\t\t\t\t\t\t<div class=\"article__image\">\r\n\t\t\t\t\t\t\t\t\t\t\t<a href=\"https:\/\/moovhotels-qa.toogas.net\/fr\/oeiras-et-ses-environs\/\"><\/a>\r\n\t\t\t\t\t\t\t\t\t\t\t<img decoding=\"async\" width=\"754\" height=\"394\" src=\"https:\/\/moovhotels-qa.toogas.net\/wp-content\/uploads\/2024\/09\/Oeiras.jpg\" class=\"attachment-large size-large wp-post-image\" alt=\"\" srcset=\"https:\/\/moovhotels-qa.toogas.net\/wp-content\/uploads\/2024\/09\/Oeiras.jpg 754w, https:\/\/moovhotels-qa.toogas.net\/wp-content\/uploads\/2024\/09\/Oeiras-300x157.jpg 300w\" sizes=\"(max-width: 754px) 100vw, 754px\" \/>\r\n\t\t\t\t\t\t\t\t\t\t\t<div class=\"article__meta\">\r\n\t\t\t\t\t\t\t\t\t\t\t\t<ul>\r\n\t\t\t\t\t\t\t\t\t\t\t\t\t\t\t\t\t\t\t\t\t\t\t\t\t\t\t<li>\r\n\t\t\t\t\t\t\t\t\t\t\t\t\t\t\t<span>Oeiras<\/span>\r\n\t\t\t\t\t\t\t\t\t\t\t\t\t\t<\/li>\r\n\t\t\t\t\t\t\t\t\t\t\t\t\t\r\n\t\t\t\t\t\t\t\t\t\t\t\t\t\t\t\t\t\t\t\t\t\t\t\t\t\t\t<li>\r\n\t\t\t\t\t\t\t\t\t\t\t\t\t\t\t<span>Culture, Tourisme<\/span>\r\n\t\t\t\t\t\t\t\t\t\t\t\t\t\t<\/li>\r\n\t\t\t\t\t\t\t\t\t\t\t\t\t\t\t\t\t\t\t\t\t\t\t\t\t<\/ul>\r\n\t\t\t\t\t\t\t\t\t\t\t<\/div><!-- \/.article__meta -->\r\n\t\t\t\t\t\t\t\t\t\t<\/div><!-- \/.article__image -->\r\n\r\n\t\t\t\t\t\t\t\t\t\t<div class=\"article__content\">\r\n\t\t\t\t\t\t\t\t\t\t\t<div class=\"article__date\">\r\n\t\t\t\t\t\t\t\t\t\t\t\t<p>septembre 2024<\/p>\r\n\t\t\t\t\t\t\t\t\t\t\t<\/div><!-- \/.article__date -->\r\n\r\n\t\t\t\t\t\t\t\t\t\t\t<div class=\"article__title\">\r\n\t\t\t\t\t\t\t\t\t\t\t\t<h3>\r\n\t\t\t\t\t\t\t\t\t\t\t\t\t<a href=\"https:\/\/moovhotels-qa.toogas.net\/fr\/oeiras-et-ses-environs\/\">\r\n\t\t\t\t\t\t\t\t\t\t\t\t\t\tOeiras et ses environs\t\t\t\t\t\t\t\t\t\t\t\t\t<\/a>\r\n\t\t\t\t\t\t\t\t\t\t\t\t<\/h3>\r\n\t\t\t\t\t\t\t\t\t\t\t\t<p><p>Situ\u00e9 au bord de la mer et \u00e0 environ 10<\/p>\n<\/p>\r\n\t\t\t\t\t\t\t\t\t\t\t<\/div><!-- \/.article__title -->\r\n\r\n\t\t\t\t\t\t\t\t\t\t\t<div class=\"article__actions\">\r\n\t\t\t\t\t\t\t\t\t\t\t\t<a href=\"https:\/\/moovhotels-qa.toogas.net\/fr\/oeiras-et-ses-environs\/\">Lire la suite<\/a>\r\n\t\t\t\t\t\t\t\t\t\t\t<\/div><!-- \/.article__actions -->\r\n\t\t\t\t\t\t\t\t\t\t<\/div><!-- \/.article__content -->\r\n\t\t\t\t\t\t\t\t\t<\/div><!-- \/.article -->\r\n\t\t\t\t\t\t\t\t<\/li>\r\n\t\t\t\t\t\t\t\t\t\t\t\t\t\t\t<li>\r\n\t\t\t\t\t\t\t\t\t<div class=\"article\">\r\n\t\t\t\t\t\t\t\t\t\t<div class=\"article__image\">\r\n\t\t\t\t\t\t\t\t\t\t\t<a href=\"https:\/\/moovhotels-qa.toogas.net\/fr\/evora-une-fenetre-gastronomique\/\"><\/a>\r\n\t\t\t\t\t\t\t\t\t\t\t<img loading=\"lazy\" decoding=\"async\" width=\"800\" height=\"534\" src=\"https:\/\/moovhotels-qa.toogas.net\/wp-content\/uploads\/2023\/05\/pexels-cristian-rojas-7613432-1024x683.jpg\" class=\"attachment-large size-large wp-post-image\" alt=\"\" srcset=\"https:\/\/moovhotels-qa.toogas.net\/wp-content\/uploads\/2023\/05\/pexels-cristian-rojas-7613432-1024x683.jpg 1024w, https:\/\/moovhotels-qa.toogas.net\/wp-content\/uploads\/2023\/05\/pexels-cristian-rojas-7613432-300x200.jpg 300w, https:\/\/moovhotels-qa.toogas.net\/wp-content\/uploads\/2023\/05\/pexels-cristian-rojas-7613432-768x512.jpg 768w, https:\/\/moovhotels-qa.toogas.net\/wp-content\/uploads\/2023\/05\/pexels-cristian-rojas-7613432-1536x1025.jpg 1536w, https:\/\/moovhotels-qa.toogas.net\/wp-content\/uploads\/2023\/05\/pexels-cristian-rojas-7613432-2048x1366.jpg 2048w\" sizes=\"(max-width: 800px) 100vw, 800px\" \/>\r\n\t\t\t\t\t\t\t\t\t\t\t<div class=\"article__meta\">\r\n\t\t\t\t\t\t\t\t\t\t\t\t<ul>\r\n\t\t\t\t\t\t\t\t\t\t\t\t\t\t\t\t\t\t\t\t\t\t\t\t\t\t\t<li>\r\n\t\t\t\t\t\t\t\t\t\t\t\t\t\t\t<span>\u00c9vora<\/span>\r\n\t\t\t\t\t\t\t\t\t\t\t\t\t\t<\/li>\r\n\t\t\t\t\t\t\t\t\t\t\t\t\t\r\n\t\t\t\t\t\t\t\t\t\t\t\t\t\t\t\t\t\t\t\t\t\t\t\t\t\t\t<li>\r\n\t\t\t\t\t\t\t\t\t\t\t\t\t\t\t<span>Gastronomie<\/span>\r\n\t\t\t\t\t\t\t\t\t\t\t\t\t\t<\/li>\r\n\t\t\t\t\t\t\t\t\t\t\t\t\t\t\t\t\t\t\t\t\t\t\t\t\t<\/ul>\r\n\t\t\t\t\t\t\t\t\t\t\t<\/div><!-- \/.article__meta -->\r\n\t\t\t\t\t\t\t\t\t\t<\/div><!-- \/.article__image -->\r\n\r\n\t\t\t\t\t\t\t\t\t\t<div class=\"article__content\">\r\n\t\t\t\t\t\t\t\t\t\t\t<div class=\"article__date\">\r\n\t\t\t\t\t\t\t\t\t\t\t\t<p>mai 2023<\/p>\r\n\t\t\t\t\t\t\t\t\t\t\t<\/div><!-- \/.article__date -->\r\n\r\n\t\t\t\t\t\t\t\t\t\t\t<div class=\"article__title\">\r\n\t\t\t\t\t\t\t\t\t\t\t\t<h3>\r\n\t\t\t\t\t\t\t\t\t\t\t\t\t<a href=\"https:\/\/moovhotels-qa.toogas.net\/fr\/evora-une-fenetre-gastronomique\/\">\r\n\t\t\t\t\t\t\t\t\t\t\t\t\t\t\u00c9vora, une fen\u00eatre gastronomique\t\t\t\t\t\t\t\t\t\t\t\t\t<\/a>\r\n\t\t\t\t\t\t\t\t\t\t\t\t<\/h3>\r\n\t\t\t\t\t\t\t\t\t\t\t\t<p><p>La gastronomie d&rsquo;\u00c9vora est l&rsquo;une des plus riches du Portugal.<\/p>\n<\/p>\r\n\t\t\t\t\t\t\t\t\t\t\t<\/div><!-- \/.article__title -->\r\n\r\n\t\t\t\t\t\t\t\t\t\t\t<div class=\"article__actions\">\r\n\t\t\t\t\t\t\t\t\t\t\t\t<a href=\"https:\/\/moovhotels-qa.toogas.net\/fr\/evora-une-fenetre-gastronomique\/\">Lire la suite<\/a>\r\n\t\t\t\t\t\t\t\t\t\t\t<\/div><!-- \/.article__actions -->\r\n\t\t\t\t\t\t\t\t\t\t<\/div><!-- \/.article__content -->\r\n\t\t\t\t\t\t\t\t\t<\/div><!-- \/.article -->\r\n\t\t\t\t\t\t\t\t<\/li>\r\n\t\t\t\t\t\t\t\t\t\t\t\t\t<\/ul>\r\n\t\t\t\t\t\t\t\t\t\t\t\t\t\t<\/div><!-- \/.articles__items -->\r\n\r\n\t\t\t\t<div class=\"articles__actions ajax__actions\">\r\n\t\t\t\t\t\t\t\t\t\t\t\t\t\t\t\t\t\t\t\t<\/div><!-- \/.articles__actions -->\r\n\t\t\t<\/div><!-- \/.articles -->\r\n\t\t<\/div><!-- \/.section__content -->\r\n\t<\/div><!-- \/.section-articles -->\r\n\t\r\n\t\t\t<\/div>\n\t\t\t\t<\/div>\n\t\t\t\t\t<\/div>\n\t\t\t\t<\/div>\n\t\t\t\t<\/div>\n\t\t","protected":false},"excerpt":{"rendered":"<p>Actualit\u00e9s Localiza\u00e7\u00e3o Localiza\u00e7\u00e3o \u00c9vora Lisboa Oeiras Porto Portugal Categoria Categoria Cultura Gastronomia Sustentabilidade Turismo 4 resultados Porto, Portugal Gastronomia Setembro 2024 4 locais para petiscar no Porto Se ainda n\u00e3o almo\u00e7ou ou jantou prepare-se, pois, as pr\u00f3ximas Ler mais Oeiras, Portugal Cultura, Turismo Setembro 2024 Oeiras e seus arredores Situado \u00e0 beira-mar e a cerca [&hellip;]<\/p>\n","protected":false},"author":4,"featured_media":0,"parent":0,"menu_order":0,"comment_status":"closed","ping_status":"closed","template":"","meta":{"_acf_changed":false,"footnotes":""},"class_list":["post-13178","page","type-page","status-publish","hentry"],"acf":[],"_links":{"self":[{"href":"https:\/\/moovhotels-qa.toogas.net\/fr\/wp-json\/wp\/v2\/pages\/13178","targetHints":{"allow":["GET"]}}],"collection":[{"href":"https:\/\/moovhotels-qa.toogas.net\/fr\/wp-json\/wp\/v2\/pages"}],"about":[{"href":"https:\/\/moovhotels-qa.toogas.net\/fr\/wp-json\/wp\/v2\/types\/page"}],"author":[{"embeddable":true,"href":"https:\/\/moovhotels-qa.toogas.net\/fr\/wp-json\/wp\/v2\/users\/4"}],"replies":[{"embeddable":true,"href":"https:\/\/moovhotels-qa.toogas.net\/fr\/wp-json\/wp\/v2\/comments?post=13178"}],"version-history":[{"count":4,"href":"https:\/\/moovhotels-qa.toogas.net\/fr\/wp-json\/wp\/v2\/pages\/13178\/revisions"}],"predecessor-version":[{"id":19053,"href":"https:\/\/moovhotels-qa.toogas.net\/fr\/wp-json\/wp\/v2\/pages\/13178\/revisions\/19053"}],"wp:attachment":[{"href":"https:\/\/moovhotels-qa.toogas.net\/fr\/wp-json\/wp\/v2\/media?parent=13178"}],"curies":[{"name":"wp","href":"https:\/\/api.w.org\/{rel}","templated":true}]}}