{"id":12664,"date":"2024-01-23T07:45:46","date_gmt":"2024-01-23T07:45:46","guid":{"rendered":"https:\/\/dev.hotelmoov.com\/noticias\/"},"modified":"2024-11-29T20:05:42","modified_gmt":"2024-11-29T20:05:42","slug":"noticias","status":"publish","type":"page","link":"https:\/\/moovhotels-qa.toogas.net\/es\/noticias\/","title":{"rendered":"Noticias"},"content":{"rendered":"\t\t<div data-elementor-type=\"wp-page\" data-elementor-id=\"12664\" class=\"elementor elementor-12664 elementor-3890\" data-elementor-post-type=\"page\">\n\t\t\t\t<div class=\"elementor-element elementor-element-24ab128 el-hero-paralax e-flex e-con-boxed e-con e-parent\" data-id=\"24ab128\" data-element_type=\"container\" data-settings=\"{&quot;background_background&quot;:&quot;classic&quot;}\">\n\t\t\t\t\t<div class=\"e-con-inner\">\n\t\t<div class=\"elementor-element elementor-element-f58b145 el-hero-paralax__container e-flex e-con-boxed e-con e-child\" data-id=\"f58b145\" data-element_type=\"container\">\n\t\t\t\t\t<div class=\"e-con-inner\">\n\t\t\t\t<div class=\"elementor-element elementor-element-292509f elementor-widget elementor-widget-heading\" data-id=\"292509f\" data-element_type=\"widget\" data-widget_type=\"heading.default\">\n\t\t\t\t<div class=\"elementor-widget-container\">\n\t\t\t<style>\/*! elementor - v3.23.0 - 05-08-2024 *\/\n.elementor-heading-title{padding:0;margin:0;line-height:1}.elementor-widget-heading .elementor-heading-title[class*=elementor-size-]>a{color:inherit;font-size:inherit;line-height:inherit}.elementor-widget-heading .elementor-heading-title.elementor-size-small{font-size:15px}.elementor-widget-heading .elementor-heading-title.elementor-size-medium{font-size:19px}.elementor-widget-heading .elementor-heading-title.elementor-size-large{font-size:29px}.elementor-widget-heading .elementor-heading-title.elementor-size-xl{font-size:39px}.elementor-widget-heading .elementor-heading-title.elementor-size-xxl{font-size:59px}<\/style><h1 class=\"elementor-heading-title elementor-size-default\">Noticias<\/h1>\t\t<\/div>\n\t\t\t\t<\/div>\n\t\t\t\t\t<\/div>\n\t\t\t\t<\/div>\n\t\t\t\t\t<\/div>\n\t\t\t\t<\/div>\n\t\t<div class=\"elementor-element elementor-element-1985fe6 e-con-full e-flex e-con e-parent\" data-id=\"1985fe6\" data-element_type=\"container\" data-settings=\"{&quot;background_background&quot;:&quot;classic&quot;}\">\n\t\t\t\t<div class=\"elementor-element elementor-element-b5665f0 elementor-widget elementor-widget-spacer\" data-id=\"b5665f0\" data-element_type=\"widget\" data-widget_type=\"spacer.default\">\n\t\t\t\t<div class=\"elementor-widget-container\">\n\t\t\t<style>\/*! elementor - v3.23.0 - 05-08-2024 *\/\n.elementor-column .elementor-spacer-inner{height:var(--spacer-size)}.e-con{--container-widget-width:100%}.e-con-inner>.elementor-widget-spacer,.e-con>.elementor-widget-spacer{width:var(--container-widget-width,var(--spacer-size));--align-self:var(--container-widget-align-self,initial);--flex-shrink:0}.e-con-inner>.elementor-widget-spacer>.elementor-widget-container,.e-con>.elementor-widget-spacer>.elementor-widget-container{height:100%;width:100%}.e-con-inner>.elementor-widget-spacer>.elementor-widget-container>.elementor-spacer,.e-con>.elementor-widget-spacer>.elementor-widget-container>.elementor-spacer{height:100%}.e-con-inner>.elementor-widget-spacer>.elementor-widget-container>.elementor-spacer>.elementor-spacer-inner,.e-con>.elementor-widget-spacer>.elementor-widget-container>.elementor-spacer>.elementor-spacer-inner{height:var(--container-widget-height,var(--spacer-size))}.e-con-inner>.elementor-widget-spacer.elementor-widget-empty,.e-con>.elementor-widget-spacer.elementor-widget-empty{position:relative;min-height:22px;min-width:22px}.e-con-inner>.elementor-widget-spacer.elementor-widget-empty .elementor-widget-empty-icon,.e-con>.elementor-widget-spacer.elementor-widget-empty .elementor-widget-empty-icon{position:absolute;top:0;bottom:0;left:0;right:0;margin:auto;padding:0;width:22px;height:22px}<\/style>\t\t<div class=\"elementor-spacer\">\n\t\t\t<div class=\"elementor-spacer-inner\"><\/div>\n\t\t<\/div>\n\t\t\t\t<\/div>\n\t\t\t\t<\/div>\n\t\t\t\t<\/div>\n\t\t<div class=\"elementor-element elementor-element-7eb5bfa e-flex e-con-boxed e-con e-parent\" data-id=\"7eb5bfa\" data-element_type=\"container\">\n\t\t\t\t\t<div class=\"e-con-inner\">\n\t\t\t\t<div class=\"elementor-element elementor-element-cc45116 elementor-widget elementor-widget-theme_posts_listing\" data-id=\"cc45116\" data-element_type=\"widget\" data-widget_type=\"theme_posts_listing.default\">\n\t\t\t\t<div class=\"elementor-widget-container\">\n\t\t\t\t<div class=\"section-articles section-ajax\">\r\n\t\t<header class=\"section__head ajax__head\">\r\n\t\t\t<div class=\"form-posts\">\r\n\t\t\t\t<form action=\"?\" method=\"post\">\r\n\t\t\t\t\t<div class=\"form__body\">\r\n\t\t\t\t\t\t\t\t\t\t\t\t\t<div class=\"form__row\">\r\n\t\t\t\t\t\t\t\t<label for=\"field-post-location\" class=\"form__label sr-only\">Ubicaci\u00f3n<\/label>\r\n\t\t\t\t\t\t\t\t\r\n\t\t\t\t\t\t\t\t<div class=\"form__controls\">\r\n\t\t\t\t\t\t\t\t\t<div class=\"select\">\r\n\t\t\t\t\t\t\t\t\t\t<select id=\"field-post-location\" name=\"locations\">\r\n\t\t\t\t\t\t\t\t\t\t\t<option value=\"\">Ubicaci\u00f3n<\/option>\r\n\t\t\t\t\t\t\t\t\t\t\t\t\t\t\t\t\t\t\t\t\t\t\t<option\r\n\t\t\t\t\t\t\t\t\t\t\t\tvalue=\"222\"\r\n\t\t\t\t\t\t\t\t\t\t\t\t\t\t\t\t\t\t\t\t\t\t\t\t>\r\n\t\t\t\t\t\t\t\t\t\t\t\t\tCuritiba\t\t\t\t\t\t\t\t\t\t\t\t<\/option>\r\n\t\t\t\t\t\t\t\t\t\t\t\t\t\t\t\t\t\t\t\t\t\t\t<option\r\n\t\t\t\t\t\t\t\t\t\t\t\tvalue=\"179\"\r\n\t\t\t\t\t\t\t\t\t\t\t\t\t\t\t\t\t\t\t\t\t\t\t\t>\r\n\t\t\t\t\t\t\t\t\t\t\t\t\t\u00c9vora\t\t\t\t\t\t\t\t\t\t\t\t<\/option>\r\n\t\t\t\t\t\t\t\t\t\t\t\t\t\t\t\t\t\t\t\t\t\t\t<option\r\n\t\t\t\t\t\t\t\t\t\t\t\tvalue=\"162\"\r\n\t\t\t\t\t\t\t\t\t\t\t\t\t\t\t\t\t\t\t\t\t\t\t\t>\r\n\t\t\t\t\t\t\t\t\t\t\t\t\tLisboa\t\t\t\t\t\t\t\t\t\t\t\t<\/option>\r\n\t\t\t\t\t\t\t\t\t\t\t\t\t\t\t\t\t\t\t\t\t\t\t<option\r\n\t\t\t\t\t\t\t\t\t\t\t\tvalue=\"175\"\r\n\t\t\t\t\t\t\t\t\t\t\t\t\t\t\t\t\t\t\t\t\t\t\t\t>\r\n\t\t\t\t\t\t\t\t\t\t\t\t\tOeiras\t\t\t\t\t\t\t\t\t\t\t\t<\/option>\r\n\t\t\t\t\t\t\t\t\t\t\t\t\t\t\t\t\t\t\t\t\t\t\t<option\r\n\t\t\t\t\t\t\t\t\t\t\t\tvalue=\"146\"\r\n\t\t\t\t\t\t\t\t\t\t\t\t\t\t\t\t\t\t\t\t\t\t\t\t>\r\n\t\t\t\t\t\t\t\t\t\t\t\t\tOporto\t\t\t\t\t\t\t\t\t\t\t\t<\/option>\r\n\t\t\t\t\t\t\t\t\t\t\t\t\t\t\t\t\t\t\t\t\t\t\t<option\r\n\t\t\t\t\t\t\t\t\t\t\t\tvalue=\"232\"\r\n\t\t\t\t\t\t\t\t\t\t\t\t\t\t\t\t\t\t\t\t\t\t\t\t>\r\n\t\t\t\t\t\t\t\t\t\t\t\t\tPorto Alegre\t\t\t\t\t\t\t\t\t\t\t\t<\/option>\r\n\t\t\t\t\t\t\t\t\t\t\t\t\t\t\t\t\t\t\t\t\t\t\t<option\r\n\t\t\t\t\t\t\t\t\t\t\t\tvalue=\"252\"\r\n\t\t\t\t\t\t\t\t\t\t\t\t\t\t\t\t\t\t\t\t\t\t\t\t>\r\n\t\t\t\t\t\t\t\t\t\t\t\t\tPortugal\t\t\t\t\t\t\t\t\t\t\t\t<\/option>\r\n\t\t\t\t\t\t\t\t\t\t\t\t\t\t\t\t\t\t\t\t\t<\/select>\r\n\t\t\t\t\t\t\t\t\t<\/div><!-- \/.select -->\r\n\t\t\t\t\t\t\t\t<\/div><!-- \/.form__controls -->\r\n\t\t\t\t\t\t\t<\/div><!-- \/.form__row -->\r\n\t\t\t\t\t\t\t\t\t\t\t\t\r\n\t\t\t\t\t\t<div class=\"form__row\">\r\n\t\t\t\t\t\t\t<label for=\"field-post-category\" class=\"form__label sr-only\">Categor\u00eda<\/label>\r\n\t\t\t\t\t\t\t\r\n\t\t\t\t\t\t\t<div class=\"form__controls\">\r\n\t\t\t\t\t\t\t\t<div class=\"select\">\r\n\t\t\t\t\t\t\t\t\t<select id=\"field-post-category\" name=\"categories\">\r\n\t\t\t\t\t\t\t\t\t\t<option value=\"\">Categor\u00eda<\/option>\r\n\t\t\t\t\t\t\t\t\t\t\t\t\t\t\t\t\t\t\t\t\t<option\r\n\t\t\t\t\t\t\t\t\t\t\tvalue=\"174\"\r\n\t\t\t\t\t\t\t\t\t\t\t\t\t\t\t\t\t\t\t\t\t\t>\r\n\t\t\t\t\t\t\t\t\t\t\t\tCultura\t\t\t\t\t\t\t\t\t\t\t<\/option>\r\n\t\t\t\t\t\t\t\t\t\t\t\t\t\t\t\t\t\t\t\t\t<option\r\n\t\t\t\t\t\t\t\t\t\t\tvalue=\"133\"\r\n\t\t\t\t\t\t\t\t\t\t\t\t\t\t\t\t\t\t\t\t\t\t>\r\n\t\t\t\t\t\t\t\t\t\t\t\tGastronom\u00eda\t\t\t\t\t\t\t\t\t\t\t<\/option>\r\n\t\t\t\t\t\t\t\t\t\t\t\t\t\t\t\t\t\t\t\t\t<option\r\n\t\t\t\t\t\t\t\t\t\t\tvalue=\"131\"\r\n\t\t\t\t\t\t\t\t\t\t\t\t\t\t\t\t\t\t\t\t\t\t>\r\n\t\t\t\t\t\t\t\t\t\t\t\tSostenibilidad\t\t\t\t\t\t\t\t\t\t\t<\/option>\r\n\t\t\t\t\t\t\t\t\t\t\t\t\t\t\t\t\t\t\t\t\t<option\r\n\t\t\t\t\t\t\t\t\t\t\tvalue=\"173\"\r\n\t\t\t\t\t\t\t\t\t\t\t\t\t\t\t\t\t\t\t\t\t\t>\r\n\t\t\t\t\t\t\t\t\t\t\t\tTurismo\t\t\t\t\t\t\t\t\t\t\t<\/option>\r\n\t\t\t\t\t\t\t\t\t\t\t\t\t\t\t\t\t\t\t<\/select>\r\n\t\t\t\t\t\t\t\t<\/div><!-- \/.select -->\r\n\t\t\t\t\t\t\t<\/div><!-- \/.form__controls -->\r\n\t\t\t\t\t\t<\/div><!-- \/.form__row -->\r\n\t\t\t\t\t<\/div><!-- \/.form__body -->\r\n\t\t\t\t\t\r\n\t\t\t\t\t<div class=\"form__actions\">\r\n\t\t\t\t\t\t<input type=\"submit\" value=\"Pesquisar\" class=\"form__btn sr-only\">\r\n\t\t\t\t\t<\/div><!-- \/.form__actions -->\r\n\t\t\t\t<\/form>\r\n\t\t\t<\/div><!-- \/.form -->\r\n\t\t\t\r\n\t\t\t<p><strong>4<\/strong> Resultados<\/p>\r\n\t\t<\/header><!-- \/.section__head -->\r\n\t\t\r\n\t\t<div class=\"section__content\">\r\n\t\t\t<div class=\"articles\">\r\n\t\t\t\t<div class=\"articles__items ajax__items\">\r\n\t\t\t\t\t\t\t\t\t\t\t<ul>\r\n\t\t\t\t\t\t\t\t\t\t\t\t\t\t\t<li>\r\n\t\t\t\t\t\t\t\t\t<div class=\"article\">\r\n\t\t\t\t\t\t\t\t\t\t<div class=\"article__image\">\r\n\t\t\t\t\t\t\t\t\t\t\t<a href=\"https:\/\/moovhotels-qa.toogas.net\/es\/mas-que-un-hotel-una-experiencia-en-todos-los-niveles\/\"><\/a>\r\n\t\t\t\t\t\t\t\t\t\t\t<img fetchpriority=\"high\" decoding=\"async\" width=\"800\" height=\"502\" src=\"https:\/\/moovhotels-qa.toogas.net\/wp-content\/uploads\/2024\/04\/BannerSustentabilidade-Moov-e1722416681707-1024x643.webp\" class=\"attachment-large size-large wp-post-image\" alt=\"\" srcset=\"https:\/\/moovhotels-qa.toogas.net\/wp-content\/uploads\/2024\/04\/BannerSustentabilidade-Moov-e1722416681707-1024x643.webp 1024w, https:\/\/moovhotels-qa.toogas.net\/wp-content\/uploads\/2024\/04\/BannerSustentabilidade-Moov-e1722416681707-300x188.webp 300w, https:\/\/moovhotels-qa.toogas.net\/wp-content\/uploads\/2024\/04\/BannerSustentabilidade-Moov-e1722416681707-768x482.webp 768w, https:\/\/moovhotels-qa.toogas.net\/wp-content\/uploads\/2024\/04\/BannerSustentabilidade-Moov-e1722416681707.webp 1199w\" sizes=\"(max-width: 800px) 100vw, 800px\" \/>\r\n\t\t\t\t\t\t\t\t\t\t\t<div class=\"article__meta\">\r\n\t\t\t\t\t\t\t\t\t\t\t\t<ul>\r\n\t\t\t\t\t\t\t\t\t\t\t\t\t\r\n\t\t\t\t\t\t\t\t\t\t\t\t\t\t\t\t\t\t\t\t\t\t\t\t\t\t\t<li>\r\n\t\t\t\t\t\t\t\t\t\t\t\t\t\t\t<span>Sostenibilidad<\/span>\r\n\t\t\t\t\t\t\t\t\t\t\t\t\t\t<\/li>\r\n\t\t\t\t\t\t\t\t\t\t\t\t\t\t\t\t\t\t\t\t\t\t\t\t\t<\/ul>\r\n\t\t\t\t\t\t\t\t\t\t\t<\/div><!-- \/.article__meta -->\r\n\t\t\t\t\t\t\t\t\t\t<\/div><!-- \/.article__image -->\r\n\r\n\t\t\t\t\t\t\t\t\t\t<div class=\"article__content\">\r\n\t\t\t\t\t\t\t\t\t\t\t<div class=\"article__date\">\r\n\t\t\t\t\t\t\t\t\t\t\t\t<p>abril 2025<\/p>\r\n\t\t\t\t\t\t\t\t\t\t\t<\/div><!-- \/.article__date -->\r\n\r\n\t\t\t\t\t\t\t\t\t\t\t<div class=\"article__title\">\r\n\t\t\t\t\t\t\t\t\t\t\t\t<h3>\r\n\t\t\t\t\t\t\t\t\t\t\t\t\t<a href=\"https:\/\/moovhotels-qa.toogas.net\/es\/mas-que-un-hotel-una-experiencia-en-todos-los-niveles\/\">\r\n\t\t\t\t\t\t\t\t\t\t\t\t\t\tM\u00e1s que un hotel, una experiencia en todos los niveles\t\t\t\t\t\t\t\t\t\t\t\t\t<\/a>\r\n\t\t\t\t\t\t\t\t\t\t\t\t<\/h3>\r\n\t\t\t\t\t\t\t\t\t\t\t\t<p><p>La marca Moov es simplemente \u00fanica. Todos sus hoteles tienen<\/p>\n<\/p>\r\n\t\t\t\t\t\t\t\t\t\t\t<\/div><!-- \/.article__title -->\r\n\r\n\t\t\t\t\t\t\t\t\t\t\t<div class=\"article__actions\">\r\n\t\t\t\t\t\t\t\t\t\t\t\t<a href=\"https:\/\/moovhotels-qa.toogas.net\/es\/mas-que-un-hotel-una-experiencia-en-todos-los-niveles\/\">M\u00e1s informaci\u00f3n<\/a>\r\n\t\t\t\t\t\t\t\t\t\t\t<\/div><!-- \/.article__actions -->\r\n\t\t\t\t\t\t\t\t\t\t<\/div><!-- \/.article__content -->\r\n\t\t\t\t\t\t\t\t\t<\/div><!-- \/.article -->\r\n\t\t\t\t\t\t\t\t<\/li>\r\n\t\t\t\t\t\t\t\t\t\t\t\t\t\t\t<li>\r\n\t\t\t\t\t\t\t\t\t<div class=\"article\">\r\n\t\t\t\t\t\t\t\t\t\t<div class=\"article__image\">\r\n\t\t\t\t\t\t\t\t\t\t\t<a href=\"https:\/\/moovhotels-qa.toogas.net\/es\/4-sitios-para-petiscar-no-porto\/\"><\/a>\r\n\t\t\t\t\t\t\t\t\t\t\t<img decoding=\"async\" width=\"800\" height=\"534\" src=\"https:\/\/moovhotels-qa.toogas.net\/wp-content\/uploads\/2024\/09\/Porto-1024x683.jpg\" class=\"attachment-large size-large wp-post-image\" alt=\"\" srcset=\"https:\/\/moovhotels-qa.toogas.net\/wp-content\/uploads\/2024\/09\/Porto-1024x683.jpg 1024w, https:\/\/moovhotels-qa.toogas.net\/wp-content\/uploads\/2024\/09\/Porto-300x200.jpg 300w, https:\/\/moovhotels-qa.toogas.net\/wp-content\/uploads\/2024\/09\/Porto-768x512.jpg 768w, https:\/\/moovhotels-qa.toogas.net\/wp-content\/uploads\/2024\/09\/Porto-1536x1024.jpg 1536w, https:\/\/moovhotels-qa.toogas.net\/wp-content\/uploads\/2024\/09\/Porto-2048x1365.jpg 2048w\" sizes=\"(max-width: 800px) 100vw, 800px\" \/>\r\n\t\t\t\t\t\t\t\t\t\t\t<div class=\"article__meta\">\r\n\t\t\t\t\t\t\t\t\t\t\t\t<ul>\r\n\t\t\t\t\t\t\t\t\t\t\t\t\t\t\t\t\t\t\t\t\t\t\t\t\t\t\t<li>\r\n\t\t\t\t\t\t\t\t\t\t\t\t\t\t\t<span>Oporto<\/span>\r\n\t\t\t\t\t\t\t\t\t\t\t\t\t\t<\/li>\r\n\t\t\t\t\t\t\t\t\t\t\t\t\t\r\n\t\t\t\t\t\t\t\t\t\t\t\t\t\t\t\t\t\t\t\t\t\t\t\t\t\t\t<li>\r\n\t\t\t\t\t\t\t\t\t\t\t\t\t\t\t<span>Gastronom\u00eda<\/span>\r\n\t\t\t\t\t\t\t\t\t\t\t\t\t\t<\/li>\r\n\t\t\t\t\t\t\t\t\t\t\t\t\t\t\t\t\t\t\t\t\t\t\t\t\t<\/ul>\r\n\t\t\t\t\t\t\t\t\t\t\t<\/div><!-- \/.article__meta -->\r\n\t\t\t\t\t\t\t\t\t\t<\/div><!-- \/.article__image -->\r\n\r\n\t\t\t\t\t\t\t\t\t\t<div class=\"article__content\">\r\n\t\t\t\t\t\t\t\t\t\t\t<div class=\"article__date\">\r\n\t\t\t\t\t\t\t\t\t\t\t\t<p>septiembre 2024<\/p>\r\n\t\t\t\t\t\t\t\t\t\t\t<\/div><!-- \/.article__date -->\r\n\r\n\t\t\t\t\t\t\t\t\t\t\t<div class=\"article__title\">\r\n\t\t\t\t\t\t\t\t\t\t\t\t<h3>\r\n\t\t\t\t\t\t\t\t\t\t\t\t\t<a href=\"https:\/\/moovhotels-qa.toogas.net\/es\/4-sitios-para-petiscar-no-porto\/\">\r\n\t\t\t\t\t\t\t\t\t\t\t\t\t\t4 lugares para picar en Oporto\t\t\t\t\t\t\t\t\t\t\t\t\t<\/a>\r\n\t\t\t\t\t\t\t\t\t\t\t\t<\/h3>\r\n\t\t\t\t\t\t\t\t\t\t\t\t<p><p>Si a\u00fan no ha comido o cenado, prep\u00e1rese, porque las<\/p>\n<\/p>\r\n\t\t\t\t\t\t\t\t\t\t\t<\/div><!-- \/.article__title -->\r\n\r\n\t\t\t\t\t\t\t\t\t\t\t<div class=\"article__actions\">\r\n\t\t\t\t\t\t\t\t\t\t\t\t<a href=\"https:\/\/moovhotels-qa.toogas.net\/es\/4-sitios-para-petiscar-no-porto\/\">M\u00e1s informaci\u00f3n<\/a>\r\n\t\t\t\t\t\t\t\t\t\t\t<\/div><!-- \/.article__actions -->\r\n\t\t\t\t\t\t\t\t\t\t<\/div><!-- \/.article__content -->\r\n\t\t\t\t\t\t\t\t\t<\/div><!-- \/.article -->\r\n\t\t\t\t\t\t\t\t<\/li>\r\n\t\t\t\t\t\t\t\t\t\t\t\t\t\t\t<li>\r\n\t\t\t\t\t\t\t\t\t<div class=\"article\">\r\n\t\t\t\t\t\t\t\t\t\t<div class=\"article__image\">\r\n\t\t\t\t\t\t\t\t\t\t\t<a href=\"https:\/\/moovhotels-qa.toogas.net\/es\/oeiras-y-sus-alrededores\/\"><\/a>\r\n\t\t\t\t\t\t\t\t\t\t\t<img decoding=\"async\" width=\"754\" height=\"394\" src=\"https:\/\/moovhotels-qa.toogas.net\/wp-content\/uploads\/2024\/09\/Oeiras.jpg\" class=\"attachment-large size-large wp-post-image\" alt=\"\" srcset=\"https:\/\/moovhotels-qa.toogas.net\/wp-content\/uploads\/2024\/09\/Oeiras.jpg 754w, https:\/\/moovhotels-qa.toogas.net\/wp-content\/uploads\/2024\/09\/Oeiras-300x157.jpg 300w\" sizes=\"(max-width: 754px) 100vw, 754px\" \/>\r\n\t\t\t\t\t\t\t\t\t\t\t<div class=\"article__meta\">\r\n\t\t\t\t\t\t\t\t\t\t\t\t<ul>\r\n\t\t\t\t\t\t\t\t\t\t\t\t\t\t\t\t\t\t\t\t\t\t\t\t\t\t\t<li>\r\n\t\t\t\t\t\t\t\t\t\t\t\t\t\t\t<span>Oeiras<\/span>\r\n\t\t\t\t\t\t\t\t\t\t\t\t\t\t<\/li>\r\n\t\t\t\t\t\t\t\t\t\t\t\t\t\r\n\t\t\t\t\t\t\t\t\t\t\t\t\t\t\t\t\t\t\t\t\t\t\t\t\t\t\t<li>\r\n\t\t\t\t\t\t\t\t\t\t\t\t\t\t\t<span>Cultura, Turismo<\/span>\r\n\t\t\t\t\t\t\t\t\t\t\t\t\t\t<\/li>\r\n\t\t\t\t\t\t\t\t\t\t\t\t\t\t\t\t\t\t\t\t\t\t\t\t\t<\/ul>\r\n\t\t\t\t\t\t\t\t\t\t\t<\/div><!-- \/.article__meta -->\r\n\t\t\t\t\t\t\t\t\t\t<\/div><!-- \/.article__image -->\r\n\r\n\t\t\t\t\t\t\t\t\t\t<div class=\"article__content\">\r\n\t\t\t\t\t\t\t\t\t\t\t<div class=\"article__date\">\r\n\t\t\t\t\t\t\t\t\t\t\t\t<p>septiembre 2024<\/p>\r\n\t\t\t\t\t\t\t\t\t\t\t<\/div><!-- \/.article__date -->\r\n\r\n\t\t\t\t\t\t\t\t\t\t\t<div class=\"article__title\">\r\n\t\t\t\t\t\t\t\t\t\t\t\t<h3>\r\n\t\t\t\t\t\t\t\t\t\t\t\t\t<a href=\"https:\/\/moovhotels-qa.toogas.net\/es\/oeiras-y-sus-alrededores\/\">\r\n\t\t\t\t\t\t\t\t\t\t\t\t\t\tOeiras y sus alrededores\t\t\t\t\t\t\t\t\t\t\t\t\t<\/a>\r\n\t\t\t\t\t\t\t\t\t\t\t\t<\/h3>\r\n\t\t\t\t\t\t\t\t\t\t\t\t<p><p>Situada junto al mar y a unos 10 kil\u00f3metros de<\/p>\n<\/p>\r\n\t\t\t\t\t\t\t\t\t\t\t<\/div><!-- \/.article__title -->\r\n\r\n\t\t\t\t\t\t\t\t\t\t\t<div class=\"article__actions\">\r\n\t\t\t\t\t\t\t\t\t\t\t\t<a href=\"https:\/\/moovhotels-qa.toogas.net\/es\/oeiras-y-sus-alrededores\/\">M\u00e1s informaci\u00f3n<\/a>\r\n\t\t\t\t\t\t\t\t\t\t\t<\/div><!-- \/.article__actions -->\r\n\t\t\t\t\t\t\t\t\t\t<\/div><!-- \/.article__content -->\r\n\t\t\t\t\t\t\t\t\t<\/div><!-- \/.article -->\r\n\t\t\t\t\t\t\t\t<\/li>\r\n\t\t\t\t\t\t\t\t\t\t\t\t\t\t\t<li>\r\n\t\t\t\t\t\t\t\t\t<div class=\"article\">\r\n\t\t\t\t\t\t\t\t\t\t<div class=\"article__image\">\r\n\t\t\t\t\t\t\t\t\t\t\t<a href=\"https:\/\/moovhotels-qa.toogas.net\/es\/evora-un-escaparate-gastronomico\/\"><\/a>\r\n\t\t\t\t\t\t\t\t\t\t\t<img loading=\"lazy\" decoding=\"async\" width=\"800\" height=\"534\" src=\"https:\/\/moovhotels-qa.toogas.net\/wp-content\/uploads\/2023\/05\/pexels-cristian-rojas-7613432-1024x683.jpg\" class=\"attachment-large size-large wp-post-image\" alt=\"\" srcset=\"https:\/\/moovhotels-qa.toogas.net\/wp-content\/uploads\/2023\/05\/pexels-cristian-rojas-7613432-1024x683.jpg 1024w, https:\/\/moovhotels-qa.toogas.net\/wp-content\/uploads\/2023\/05\/pexels-cristian-rojas-7613432-300x200.jpg 300w, https:\/\/moovhotels-qa.toogas.net\/wp-content\/uploads\/2023\/05\/pexels-cristian-rojas-7613432-768x512.jpg 768w, https:\/\/moovhotels-qa.toogas.net\/wp-content\/uploads\/2023\/05\/pexels-cristian-rojas-7613432-1536x1025.jpg 1536w, https:\/\/moovhotels-qa.toogas.net\/wp-content\/uploads\/2023\/05\/pexels-cristian-rojas-7613432-2048x1366.jpg 2048w\" sizes=\"(max-width: 800px) 100vw, 800px\" \/>\r\n\t\t\t\t\t\t\t\t\t\t\t<div class=\"article__meta\">\r\n\t\t\t\t\t\t\t\t\t\t\t\t<ul>\r\n\t\t\t\t\t\t\t\t\t\t\t\t\t\t\t\t\t\t\t\t\t\t\t\t\t\t\t<li>\r\n\t\t\t\t\t\t\t\t\t\t\t\t\t\t\t<span>\u00c9vora<\/span>\r\n\t\t\t\t\t\t\t\t\t\t\t\t\t\t<\/li>\r\n\t\t\t\t\t\t\t\t\t\t\t\t\t\r\n\t\t\t\t\t\t\t\t\t\t\t\t\t\t\t\t\t\t\t\t\t\t\t\t\t\t\t<li>\r\n\t\t\t\t\t\t\t\t\t\t\t\t\t\t\t<span>Gastronom\u00eda<\/span>\r\n\t\t\t\t\t\t\t\t\t\t\t\t\t\t<\/li>\r\n\t\t\t\t\t\t\t\t\t\t\t\t\t\t\t\t\t\t\t\t\t\t\t\t\t<\/ul>\r\n\t\t\t\t\t\t\t\t\t\t\t<\/div><!-- \/.article__meta -->\r\n\t\t\t\t\t\t\t\t\t\t<\/div><!-- \/.article__image -->\r\n\r\n\t\t\t\t\t\t\t\t\t\t<div class=\"article__content\">\r\n\t\t\t\t\t\t\t\t\t\t\t<div class=\"article__date\">\r\n\t\t\t\t\t\t\t\t\t\t\t\t<p>mayo 2023<\/p>\r\n\t\t\t\t\t\t\t\t\t\t\t<\/div><!-- \/.article__date -->\r\n\r\n\t\t\t\t\t\t\t\t\t\t\t<div class=\"article__title\">\r\n\t\t\t\t\t\t\t\t\t\t\t\t<h3>\r\n\t\t\t\t\t\t\t\t\t\t\t\t\t<a href=\"https:\/\/moovhotels-qa.toogas.net\/es\/evora-un-escaparate-gastronomico\/\">\r\n\t\t\t\t\t\t\t\t\t\t\t\t\t\t\u00c9vora, un escaparate gastron\u00f3mico\t\t\t\t\t\t\t\t\t\t\t\t\t<\/a>\r\n\t\t\t\t\t\t\t\t\t\t\t\t<\/h3>\r\n\t\t\t\t\t\t\t\t\t\t\t\t<p><p>La gastronom\u00eda de \u00c9vora es una de las m\u00e1s ricas<\/p>\n<\/p>\r\n\t\t\t\t\t\t\t\t\t\t\t<\/div><!-- \/.article__title -->\r\n\r\n\t\t\t\t\t\t\t\t\t\t\t<div class=\"article__actions\">\r\n\t\t\t\t\t\t\t\t\t\t\t\t<a href=\"https:\/\/moovhotels-qa.toogas.net\/es\/evora-un-escaparate-gastronomico\/\">M\u00e1s informaci\u00f3n<\/a>\r\n\t\t\t\t\t\t\t\t\t\t\t<\/div><!-- \/.article__actions -->\r\n\t\t\t\t\t\t\t\t\t\t<\/div><!-- \/.article__content -->\r\n\t\t\t\t\t\t\t\t\t<\/div><!-- \/.article -->\r\n\t\t\t\t\t\t\t\t<\/li>\r\n\t\t\t\t\t\t\t\t\t\t\t\t\t<\/ul>\r\n\t\t\t\t\t\t\t\t\t\t\t\t\t\t<\/div><!-- \/.articles__items -->\r\n\r\n\t\t\t\t<div class=\"articles__actions ajax__actions\">\r\n\t\t\t\t\t\t\t\t\t\t\t\t\t\t\t\t\t\t\t\t<\/div><!-- \/.articles__actions -->\r\n\t\t\t<\/div><!-- \/.articles -->\r\n\t\t<\/div><!-- \/.section__content -->\r\n\t<\/div><!-- \/.section-articles -->\r\n\t\r\n\t\t\t<\/div>\n\t\t\t\t<\/div>\n\t\t\t\t\t<\/div>\n\t\t\t\t<\/div>\n\t\t\t\t<\/div>\n\t\t","protected":false},"excerpt":{"rendered":"<p>Noticias Localiza\u00e7\u00e3o Localiza\u00e7\u00e3o Porto Categoria Categoria Gastronomia Sustentabilidade 2 resultados Sustentabilidade Abril 2024 Mais que um hotel, uma experi\u00eancia a todos os n\u00edveis A marca Moov \u00e9 simplesmente \u00fanica, todos os seus hot\u00e9is Ler mais Gastronomia Maio 2023 \u00c9vora, uma janela gastron\u00f3mica A gastronomia de \u00c9vora \u00e9 uma das mais ricas de Ler mais<\/p>\n","protected":false},"author":4,"featured_media":0,"parent":0,"menu_order":0,"comment_status":"closed","ping_status":"closed","template":"","meta":{"_acf_changed":false,"footnotes":""},"class_list":["post-12664","page","type-page","status-publish","hentry"],"acf":[],"_links":{"self":[{"href":"https:\/\/moovhotels-qa.toogas.net\/es\/wp-json\/wp\/v2\/pages\/12664","targetHints":{"allow":["GET"]}}],"collection":[{"href":"https:\/\/moovhotels-qa.toogas.net\/es\/wp-json\/wp\/v2\/pages"}],"about":[{"href":"https:\/\/moovhotels-qa.toogas.net\/es\/wp-json\/wp\/v2\/types\/page"}],"author":[{"embeddable":true,"href":"https:\/\/moovhotels-qa.toogas.net\/es\/wp-json\/wp\/v2\/users\/4"}],"replies":[{"embeddable":true,"href":"https:\/\/moovhotels-qa.toogas.net\/es\/wp-json\/wp\/v2\/comments?post=12664"}],"version-history":[{"count":2,"href":"https:\/\/moovhotels-qa.toogas.net\/es\/wp-json\/wp\/v2\/pages\/12664\/revisions"}],"predecessor-version":[{"id":19050,"href":"https:\/\/moovhotels-qa.toogas.net\/es\/wp-json\/wp\/v2\/pages\/12664\/revisions\/19050"}],"wp:attachment":[{"href":"https:\/\/moovhotels-qa.toogas.net\/es\/wp-json\/wp\/v2\/media?parent=12664"}],"curies":[{"name":"wp","href":"https:\/\/api.w.org\/{rel}","templated":true}]}}